{"id":77,"date":"2021-10-05T13:12:07","date_gmt":"2021-10-05T13:12:07","guid":{"rendered":"https:\/\/themepanthers.com\/wp\/creote\/v-new\/?page_id=77"},"modified":"2023-05-23T11:45:31","modified_gmt":"2023-05-23T08:15:31","slug":"contact","status":"publish","type":"page","link":"https:\/\/gpcturkiye.com\/turkiye\/contact\/","title":{"rendered":"B\u0130ZE ULA\u015eIN"},"content":{"rendered":"\t\t<div data-elementor-type=\"wp-page\" data-elementor-id=\"77\" class=\"elementor elementor-77\">\n\t\t\t\t\t\t\t\t\t<section class=\"elementor-section elementor-top-section elementor-element elementor-element-94aebdf elementor-section-boxed elementor-section-height-default elementor-section-height-default\" data-id=\"94aebdf\" data-element_type=\"section\" data-settings=\"{&quot;background_background&quot;:&quot;classic&quot;}\">\n\t\t\t\t\t\t\t<div class=\"elementor-background-overlay\"><\/div>\n\t\t\t\t\t\t\t<div class=\"elementor-container elementor-column-gap-default\">\n\t\t\t\t\t<div class=\"elementor-column elementor-col-50 elementor-top-column elementor-element elementor-element-1a9776d9\" data-id=\"1a9776d9\" data-element_type=\"column\">\n\t\t\t<div class=\"elementor-widget-wrap elementor-element-populated\">\n\t\t\t\t\t\t\t\t<div class=\"elementor-element elementor-element-70bcd19c elementor-widget elementor-widget-creote-title-v1\" data-id=\"70bcd19c\" data-element_type=\"widget\" data-widget_type=\"creote-title-v1.default\">\n\t\t\t\t<div class=\"elementor-widget-container\">\n\t\t\t<div class=\"title_all_box style_four  light_color\" >\r\n         <div class=\"title_sections four  left\">\r\n                  <h2>  B\u0130ZE ULA\u015eIN<\/h2>\r\n               <\/div>\r\n               \r\n<\/div>\r\n\t\t<\/div>\n\t\t\t\t<\/div>\n\t\t\t\t\t<\/div>\n\t\t<\/div>\n\t\t\t\t<div class=\"elementor-column elementor-col-50 elementor-top-column elementor-element elementor-element-7dcd1df3\" data-id=\"7dcd1df3\" data-element_type=\"column\">\n\t\t\t<div class=\"elementor-widget-wrap\">\n\t\t\t\t\t\t\t\t\t<\/div>\n\t\t<\/div>\n\t\t\t\t\t\t\t<\/div>\n\t\t<\/section>\n\t\t\t\t<section class=\"elementor-section elementor-top-section elementor-element elementor-element-efe7969 elementor-section-boxed elementor-section-height-default elementor-section-height-default\" data-id=\"efe7969\" data-element_type=\"section\">\n\t\t\t\t\t\t<div class=\"elementor-container elementor-column-gap-default\">\n\t\t\t\t\t<div class=\"elementor-column elementor-col-50 elementor-top-column elementor-element elementor-element-5d654ed\" data-id=\"5d654ed\" data-element_type=\"column\">\n\t\t\t<div class=\"elementor-widget-wrap elementor-element-populated\">\n\t\t\t\t\t\t\t\t<div class=\"elementor-element elementor-element-03e0660 elementor-widget elementor-widget-creote-title-v1\" data-id=\"03e0660\" data-element_type=\"widget\" data-widget_type=\"creote-title-v1.default\">\n\t\t\t\t<div class=\"elementor-widget-container\">\n\t\t\t<div class=\"title_all_box style_one  dark_color\" >\r\n         <div class=\"title_sections left\">\r\n                        <p>  \u0130\u015f birli\u011fi ve di\u011fer sorular\u0131n\u0131z i\u00e7in, a\u015fa\u011f\u0131daki form doldurarak bizlerle ileti\u015fime ge\u00e7ebilirsiniz.<\/p>\r\n         <\/div>\r\n               \r\n<\/div>\r\n\t\t<\/div>\n\t\t\t\t<\/div>\n\t\t\t\t<div class=\"elementor-element elementor-element-ff61fa2 elementor-widget elementor-widget-image\" data-id=\"ff61fa2\" data-element_type=\"widget\" data-widget_type=\"image.default\">\n\t\t\t\t<div class=\"elementor-widget-container\">\n\t\t\t<style>\/*! elementor - v3.11.2 - 22-02-2023 *\/\n.elementor-widget-image{text-align:center}.elementor-widget-image a{display:inline-block}.elementor-widget-image a img[src$=\".svg\"]{width:48px}.elementor-widget-image img{vertical-align:middle;display:inline-block}<\/style>\t\t\t\t\t\t\t\t\t\t\t\t<img loading=\"lazy\" decoding=\"async\" width=\"600\" height=\"800\" src=\"https:\/\/gpcturkiye.com\/turkiye\/wp-content\/uploads\/2023\/02\/Contact-us.jpeg\" class=\"attachment-large size-large wp-image-6945\" alt=\"\" srcset=\"https:\/\/gpcturkiye.com\/turkiye\/wp-content\/uploads\/2023\/02\/Contact-us.jpeg 600w, https:\/\/gpcturkiye.com\/turkiye\/wp-content\/uploads\/2023\/02\/Contact-us-225x300.jpeg 225w\" sizes=\"auto, (max-width: 600px) 100vw, 600px\" \/>\t\t\t\t\t\t\t\t\t\t\t\t\t\t\t<\/div>\n\t\t\t\t<\/div>\n\t\t\t\t\t<\/div>\n\t\t<\/div>\n\t\t\t\t<div class=\"elementor-column elementor-col-50 elementor-top-column elementor-element elementor-element-dca790f\" data-id=\"dca790f\" data-element_type=\"column\">\n\t\t\t<div class=\"elementor-widget-wrap elementor-element-populated\">\n\t\t\t\t\t\t\t\t<div class=\"elementor-element elementor-element-f64590e elementor-widget elementor-widget-creote-contact-box-v1\" data-id=\"f64590e\" data-element_type=\"widget\" data-widget_type=\"creote-contact-box-v1.default\">\n\t\t\t\t<div class=\"elementor-widget-container\">\n\t\t\t<div class=\"contact_box_content  style_one\"   data-aos=\"fade-up\" data-aos-delay=\"0\" >\r\n      <div class=\"contact_box_inner  icon_yes \">\r\n            <div class=\"icon_bx\">\r\n         <span class=\"fa fa-clock-o\"><\/span>\r\n      <\/div>\r\n            <div class=\"contnet\">\r\n                  <h3> \u00c7al\u0131\u015fma Saatleri <\/h3>\r\n                           <p>\r\n            Pazartesi - Cuma 09:00 - 17:00         <\/p>\r\n               <\/div>\r\n   <\/div>\r\n   <\/div>\r\n\t\t<\/div>\n\t\t\t\t<\/div>\n\t\t\t\t<div class=\"elementor-element elementor-element-83e33b0 elementor-widget elementor-widget-creote-contact-box-v1\" data-id=\"83e33b0\" data-element_type=\"widget\" data-widget_type=\"creote-contact-box-v1.default\">\n\t\t\t\t<div class=\"elementor-widget-container\">\n\t\t\t<div class=\"contact_box_content  style_one\"   data-aos=\"fade-up\" data-aos-delay=\"0\" >\r\n      <div class=\"contact_box_inner  icon_yes \">\r\n            <div class=\"icon_bx\">\r\n         <span class=\" icon-placeholder\"><\/span>\r\n      <\/div>\r\n            <div class=\"contnet\">\r\n                  <h3> Head Office: <\/h3>\r\n                           <p>\r\n            No. 33, GIZ 2000 Plaza Building\nEski Buyukdere St. D: 33 Maslak District, Sariyer,\nIstanbul, Turkey         <\/p>\r\n               <\/div>\r\n   <\/div>\r\n   <\/div>\r\n\t\t<\/div>\n\t\t\t\t<\/div>\n\t\t\t\t<div class=\"elementor-element elementor-element-2480814 elementor-widget elementor-widget-creote-contact-form-v1\" data-id=\"2480814\" data-element_type=\"widget\" data-widget_type=\"creote-contact-form-v1.default\">\n\t\t\t\t<div class=\"elementor-widget-container\">\n\t\t\t<section class=\"contact_form_box_all type_one\"\r\n  >\r\n    <div class=\"contact_form_box_inner\">\r\n    <div class=\"contact_form_shortcode\">\r\n            \n<div class=\"wpcf7 no-js\" id=\"wpcf7-f7-o1\" lang=\"en-US\" dir=\"ltr\" data-wpcf7-id=\"7\">\n<div class=\"screen-reader-response\"><p role=\"status\" aria-live=\"polite\" aria-atomic=\"true\"><\/p> <ul><\/ul><\/div>\n<form action=\"\/turkiye\/wp-json\/wp\/v2\/pages\/77#wpcf7-f7-o1\" method=\"post\" class=\"wpcf7-form init\" aria-label=\"Contact form\" novalidate=\"novalidate\" data-status=\"init\">\n<fieldset class=\"hidden-fields-container\"><input type=\"hidden\" name=\"_wpcf7\" value=\"7\" \/><input type=\"hidden\" name=\"_wpcf7_version\" value=\"6.1.5\" \/><input type=\"hidden\" name=\"_wpcf7_locale\" value=\"en_US\" \/><input type=\"hidden\" name=\"_wpcf7_unit_tag\" value=\"wpcf7-f7-o1\" \/><input type=\"hidden\" name=\"_wpcf7_container_post\" value=\"0\" \/><input type=\"hidden\" name=\"_wpcf7_posted_data_hash\" value=\"\" \/>\n<\/fieldset>\n<p><label> Ad<br \/>\n<span class=\"wpcf7-form-control-wrap\" data-name=\"your-name\"><input size=\"40\" maxlength=\"400\" class=\"wpcf7-form-control wpcf7-text wpcf7-validates-as-required\" aria-required=\"true\" aria-invalid=\"false\" value=\"\" type=\"text\" name=\"your-name\" \/><\/span> <\/label>\n<\/p>\n<p><label> E-posta<br \/>\n<span class=\"wpcf7-form-control-wrap\" data-name=\"your-email\"><input size=\"40\" maxlength=\"400\" class=\"wpcf7-form-control wpcf7-email wpcf7-validates-as-required wpcf7-text wpcf7-validates-as-email\" aria-required=\"true\" aria-invalid=\"false\" value=\"\" type=\"email\" name=\"your-email\" \/><\/span> <\/label>\n<\/p>\n<p><label> Konu<br \/>\n<span class=\"wpcf7-form-control-wrap\" data-name=\"your-subject\"><input size=\"40\" maxlength=\"400\" class=\"wpcf7-form-control wpcf7-text wpcf7-validates-as-required\" aria-required=\"true\" aria-invalid=\"false\" value=\"\" type=\"text\" name=\"your-subject\" \/><\/span> <\/label>\n<\/p>\n<p><label> Mesaj\u0131n\u0131z (optional)<br \/>\n<span class=\"wpcf7-form-control-wrap\" data-name=\"your-message\"><textarea cols=\"40\" rows=\"10\" maxlength=\"2000\" class=\"wpcf7-form-control wpcf7-textarea\" aria-invalid=\"false\" name=\"your-message\"><\/textarea><\/span> <\/label>\n<\/p>\n<p><input class=\"wpcf7-form-control wpcf7-submit has-spinner\" type=\"submit\" value=\"G\u00f6nder\" \/>\n<\/p><div class=\"wpcf7-response-output\" aria-hidden=\"true\"><\/div>\n<\/form>\n<\/div>\n          <\/div>\r\n  <\/div>\r\n  <\/section>\r\n\t\t<\/div>\n\t\t\t\t<\/div>\n\t\t\t\t\t<\/div>\n\t\t<\/div>\n\t\t\t\t\t\t\t<\/div>\n\t\t<\/section>\n\t\t\t\t\t\t\t<\/div>\n\t\t","protected":false},"excerpt":{"rendered":"<p>B\u0130ZE ULA\u015eIN \u0130\u015f birli\u011fi ve di\u011fer sorular\u0131n\u0131z i\u00e7in, a\u015fa\u011f\u0131daki form doldurarak bizlerle ileti\u015fime ge\u00e7ebilirsiniz. \u00c7al\u0131\u015fma Saatleri Pazartesi &#8211; Cuma 09:00 &#8211; 17:00 Head Office: No. 33, GIZ 2000 Plaza Building Eski Buyukdere St. D: 33 Maslak District, Sariyer, Istanbul, Turkey Ad E-posta Konu Mesaj\u0131n\u0131z (optional)<\/p>\n","protected":false},"author":2,"featured_media":0,"parent":0,"menu_order":0,"comment_status":"closed","ping_status":"closed","template":"template-homepage.php","meta":{"footnotes":""},"class_list":["post-77","page","type-page","status-publish","hentry"],"_links":{"self":[{"href":"https:\/\/gpcturkiye.com\/turkiye\/wp-json\/wp\/v2\/pages\/77","targetHints":{"allow":["GET"]}}],"collection":[{"href":"https:\/\/gpcturkiye.com\/turkiye\/wp-json\/wp\/v2\/pages"}],"about":[{"href":"https:\/\/gpcturkiye.com\/turkiye\/wp-json\/wp\/v2\/types\/page"}],"author":[{"embeddable":true,"href":"https:\/\/gpcturkiye.com\/turkiye\/wp-json\/wp\/v2\/users\/2"}],"replies":[{"embeddable":true,"href":"https:\/\/gpcturkiye.com\/turkiye\/wp-json\/wp\/v2\/comments?post=77"}],"version-history":[{"count":61,"href":"https:\/\/gpcturkiye.com\/turkiye\/wp-json\/wp\/v2\/pages\/77\/revisions"}],"predecessor-version":[{"id":7466,"href":"https:\/\/gpcturkiye.com\/turkiye\/wp-json\/wp\/v2\/pages\/77\/revisions\/7466"}],"wp:attachment":[{"href":"https:\/\/gpcturkiye.com\/turkiye\/wp-json\/wp\/v2\/media?parent=77"}],"curies":[{"name":"wp","href":"https:\/\/api.w.org\/{rel}","templated":true}]}}