{"id":6326,"date":"2023-01-29T23:40:07","date_gmt":"2023-01-29T20:10:07","guid":{"rendered":"http:\/\/gpcturkiye.com\/?page_id=6326"},"modified":"2023-05-23T12:46:27","modified_gmt":"2023-05-23T09:16:27","slug":"how-we-are","status":"publish","type":"page","link":"https:\/\/gpcturkiye.com\/turkiye\/how-we-are\/","title":{"rendered":"Hakk\u0131m\u0131zda"},"content":{"rendered":"\t\t<div data-elementor-type=\"wp-page\" data-elementor-id=\"6326\" class=\"elementor elementor-6326\">\n\t\t\t\t\t\t\t\t\t<section class=\"elementor-section elementor-top-section elementor-element elementor-element-8377a55 elementor-section-boxed elementor-section-height-default elementor-section-height-default\" data-id=\"8377a55\" data-element_type=\"section\" data-settings=\"{&quot;background_background&quot;:&quot;classic&quot;}\">\n\t\t\t\t\t\t\t<div class=\"elementor-background-overlay\"><\/div>\n\t\t\t\t\t\t\t<div class=\"elementor-container elementor-column-gap-default\">\n\t\t\t\t\t<div class=\"elementor-column elementor-col-50 elementor-top-column elementor-element elementor-element-760f4c2\" data-id=\"760f4c2\" data-element_type=\"column\">\n\t\t\t<div class=\"elementor-widget-wrap elementor-element-populated\">\n\t\t\t\t\t\t\t\t<div class=\"elementor-element elementor-element-e02d895 elementor-widget elementor-widget-creote-title-v1\" data-id=\"e02d895\" data-element_type=\"widget\" data-widget_type=\"creote-title-v1.default\">\n\t\t\t\t<div class=\"elementor-widget-container\">\n\t\t\t<div class=\"title_all_box style_four  light_color\" >\r\n         <div class=\"title_sections four  left\">\r\n                  <h2>  Hakk\u0131m\u0131zda<\/h2>\r\n               <\/div>\r\n               \r\n<\/div>\r\n\t\t<\/div>\n\t\t\t\t<\/div>\n\t\t\t\t\t<\/div>\n\t\t<\/div>\n\t\t\t\t<div class=\"elementor-column elementor-col-50 elementor-top-column elementor-element elementor-element-8b1b7b5\" data-id=\"8b1b7b5\" data-element_type=\"column\">\n\t\t\t<div class=\"elementor-widget-wrap\">\n\t\t\t\t\t\t\t\t\t<\/div>\n\t\t<\/div>\n\t\t\t\t\t\t\t<\/div>\n\t\t<\/section>\n\t\t\t\t<section class=\"elementor-section elementor-top-section elementor-element elementor-element-6eaa60d1 elementor-section-boxed elementor-section-height-default elementor-section-height-default\" data-id=\"6eaa60d1\" data-element_type=\"section\" id=\"service\" data-settings=\"{&quot;background_background&quot;:&quot;classic&quot;}\">\n\t\t\t\t\t\t<div class=\"elementor-container elementor-column-gap-default\">\n\t\t\t\t\t<div class=\"elementor-column elementor-col-100 elementor-top-column elementor-element elementor-element-7f85515c\" data-id=\"7f85515c\" data-element_type=\"column\">\n\t\t\t<div class=\"elementor-widget-wrap elementor-element-populated\">\n\t\t\t\t\t\t\t\t<div class=\"elementor-element elementor-element-253933cb elementor-widget elementor-widget-creote-title-v1\" data-id=\"253933cb\" data-element_type=\"widget\" data-widget_type=\"creote-title-v1.default\">\n\t\t\t\t<div class=\"elementor-widget-container\">\n\t\t\t<div class=\"title_all_box style_one  dark_color\" >\r\n         <div class=\"title_sections center\">\r\n                        <p>  Kurulu\u015fundan bu yana GPC, bir\u00e7ok \u00fclkede da\u011f\u0131t\u0131m merkezleri bulunan \u00e7e\u015fitli yan kurulu\u015flar\u0131 arac\u0131l\u0131\u011f\u0131yla eczac\u0131l\u0131k \u00fcr\u00fcnleri \u00fcretmektedir. Kalitesi ile tan\u0131nan \u015firket, b\u00f6lgenin prestijli ila\u00e7 ve t\u0131bbi sa\u011flay\u0131c\u0131lardan biri olarak sayg\u0131nl\u0131k kazand\u0131. GPC, \u015firketi en h\u0131zl\u0131 b\u00fcy\u00fcyen \u015firketler aras\u0131nda konumland\u0131ran kendi i\u00e7ecek ve g\u0131da \u00fcr\u00fcnleri markalar\u0131n\u0131 geli\u015ftirerek H\u0131zl\u0131 T\u00fcketim \u00dcr\u00fcnleri end\u00fcstrisine a\u00e7\u0131ld\u0131.<\/br>\n\n\u0130stikrars\u0131z b\u00f6lgelerdeki engin deneyimi, end\u00fcstri ve b\u00f6lgedeki zenginli\u011finin s\u00fcrd\u00fcr\u00fclebilir ve b\u00fcy\u00fcyen bir i\u015fletmenin anahtar\u0131 oldu\u011funu anlamay\u0131 sa\u011flar. G\u00fc\u00e7l\u00fc de\u011ferlere, b\u00fct\u00fcnl\u00fck kavram\u0131na ve enerjiye sahip bir \u015firket olan GPC, ba\u015far\u0131 i\u00e7in \u00f6zg\u00fcn stratejiler benimsemek i\u00e7in faaliyet g\u00f6sterdi\u011fi yerel pazarlar\u0131 anlamaktad\u0131r.<\/p>\r\n         <\/div>\r\n               \r\n<\/div>\r\n\t\t<\/div>\n\t\t\t\t<\/div>\n\t\t\t\t<div class=\"elementor-element elementor-element-e30feb5 elementor-widget elementor-widget-image\" data-id=\"e30feb5\" data-element_type=\"widget\" data-widget_type=\"image.default\">\n\t\t\t\t<div class=\"elementor-widget-container\">\n\t\t\t<style>\/*! elementor - v3.11.2 - 22-02-2023 *\/\n.elementor-widget-image{text-align:center}.elementor-widget-image a{display:inline-block}.elementor-widget-image a img[src$=\".svg\"]{width:48px}.elementor-widget-image img{vertical-align:middle;display:inline-block}<\/style>\t\t\t\t\t\t\t\t\t\t\t\t<img loading=\"lazy\" decoding=\"async\" width=\"1536\" height=\"889\" src=\"https:\/\/gpcturkiye.com\/turkiye\/wp-content\/uploads\/2023\/05\/world-turkey.png\" class=\"attachment-full size-full wp-image-7488\" alt=\"\" srcset=\"https:\/\/gpcturkiye.com\/turkiye\/wp-content\/uploads\/2023\/05\/world-turkey.png 1536w, https:\/\/gpcturkiye.com\/turkiye\/wp-content\/uploads\/2023\/05\/world-turkey-300x174.png 300w, https:\/\/gpcturkiye.com\/turkiye\/wp-content\/uploads\/2023\/05\/world-turkey-1024x593.png 1024w, https:\/\/gpcturkiye.com\/turkiye\/wp-content\/uploads\/2023\/05\/world-turkey-768x445.png 768w\" sizes=\"auto, (max-width: 1536px) 100vw, 1536px\" \/>\t\t\t\t\t\t\t\t\t\t\t\t\t\t\t<\/div>\n\t\t\t\t<\/div>\n\t\t\t\t\t<\/div>\n\t\t<\/div>\n\t\t\t\t\t\t\t<\/div>\n\t\t<\/section>\n\t\t\t\t<section class=\"elementor-section elementor-top-section elementor-element elementor-element-7d9060fd elementor-section-boxed elementor-section-height-default elementor-section-height-default\" data-id=\"7d9060fd\" data-element_type=\"section\" data-settings=\"{&quot;background_background&quot;:&quot;classic&quot;}\">\n\t\t\t\t\t\t<div class=\"elementor-container elementor-column-gap-default\">\n\t\t\t\t\t<div class=\"elementor-column elementor-col-33 elementor-top-column elementor-element elementor-element-3468b808\" data-id=\"3468b808\" data-element_type=\"column\" data-settings=\"{&quot;background_background&quot;:&quot;classic&quot;}\">\n\t\t\t<div class=\"elementor-widget-wrap elementor-element-populated\">\n\t\t\t\t\t\t\t\t<div class=\"elementor-element elementor-element-10f24c00 elementor-widget elementor-widget-creote-process-v1\" data-id=\"10f24c00\" data-element_type=\"widget\" data-widget_type=\"creote-process-v1.default\">\n\t\t\t\t<div class=\"elementor-widget-container\">\n\t\t\t<div class=\"process_box style_three dark_color\" >\r\n      <div class=\"process_box_outer_three left\">\r\n            <div class=\"icon\">\r\n               <\/div>\r\n            <div class=\"content_box\">\r\n                  <h2>     <a href=\"#\"   target=&quot;_blank&quot;  rel=&quot;nofollow&quot;>\r\n            Vizyonumuz            <\/a>\r\n         <\/h2>\r\n                           <p>  S\u00fcrd\u00fcr\u00fclebilir b\u00fcy\u00fcme aray\u0131\u015f\u0131nda olmaya ve t\u00fcketicilerin ya\u015famlar\u0131n\u0131 iyile\u015ftirmeye devam eden k\u00fcresel bir lider \u015firket olmak<\/p>\r\n               <\/div>\r\n         <\/div>\r\n               \r\n<\/div>\r\n\t\t<\/div>\n\t\t\t\t<\/div>\n\t\t\t\t\t<\/div>\n\t\t<\/div>\n\t\t\t\t<div class=\"elementor-column elementor-col-33 elementor-top-column elementor-element elementor-element-7e62a63 primarg_bg_color\" data-id=\"7e62a63\" data-element_type=\"column\" data-settings=\"{&quot;background_background&quot;:&quot;classic&quot;}\">\n\t\t\t<div class=\"elementor-widget-wrap elementor-element-populated\">\n\t\t\t\t\t<div class=\"elementor-background-overlay\"><\/div>\n\t\t\t\t\t\t\t\t<div class=\"elementor-element elementor-element-53806754 elementor-widget elementor-widget-creote-process-v1\" data-id=\"53806754\" data-element_type=\"widget\" data-widget_type=\"creote-process-v1.default\">\n\t\t\t\t<div class=\"elementor-widget-container\">\n\t\t\t<div class=\"process_box style_three dark_color\" >\r\n      <div class=\"process_box_outer_three left\">\r\n            <div class=\"icon\">\r\n               <\/div>\r\n            <div class=\"content_box\">\r\n                  <h2>     <a href=\"\"   target=&quot;_blank&quot;  rel=&quot;nofollow&quot;>\r\n            Misyonumuz            <\/a>\r\n         <\/h2>\r\n                           <p>  Misyonumuz, faaliyet g\u00f6sterdi\u011fimiz h\u0131zla b\u00fcy\u00fcyen i\u015f alanlar\u0131nda akt\u00f6r oyuncu olmak i\u00e7in ara\u015ft\u0131rma ve \u00fcr\u00fcn geli\u015ftirme alanlar\u0131nda teknolojik standartlar\u0131 ve yenilikleri kullanmakt\u0131r. Bunu en y\u00fcksek etik davran\u0131\u015f ve sosyal sorumlulu\u011fu daima koruyarak ba\u015faraca\u011f\u0131z.<\/p>\r\n               <\/div>\r\n         <\/div>\r\n               \r\n<\/div>\r\n\t\t<\/div>\n\t\t\t\t<\/div>\n\t\t\t\t\t<\/div>\n\t\t<\/div>\n\t\t\t\t<div class=\"elementor-column elementor-col-33 elementor-top-column elementor-element elementor-element-58e2709c\" data-id=\"58e2709c\" data-element_type=\"column\" data-settings=\"{&quot;background_background&quot;:&quot;classic&quot;}\">\n\t\t\t<div class=\"elementor-widget-wrap elementor-element-populated\">\n\t\t\t\t\t\t\t\t<div class=\"elementor-element elementor-element-44d63524 elementor-widget elementor-widget-creote-process-v1\" data-id=\"44d63524\" data-element_type=\"widget\" data-widget_type=\"creote-process-v1.default\">\n\t\t\t\t<div class=\"elementor-widget-container\">\n\t\t\t<div class=\"process_box style_three dark_color\" >\r\n      <div class=\"process_box_outer_three left\">\r\n            <div class=\"icon\">\r\n               <\/div>\r\n            <div class=\"content_box\">\r\n                  <h2>     <a href=\"#\"   target=&quot;_blank&quot;  rel=&quot;nofollow&quot;>\r\n            Stratejimiz            <\/a>\r\n         <\/h2>\r\n                           <p>  Hedeflerimize ula\u015fmak ve g\u00fc\u00e7l\u00fc b\u00fcy\u00fcmeye devam etmek i\u00e7in \u00fc\u00e7 temel stratejik ana temaya odaklan\u0131yoruz: T\u00fcketici, Yenilik ve \u0130nsan.<\/p>\r\n               <\/div>\r\n         <\/div>\r\n               \r\n<\/div>\r\n\t\t<\/div>\n\t\t\t\t<\/div>\n\t\t\t\t\t<\/div>\n\t\t<\/div>\n\t\t\t\t\t\t\t<\/div>\n\t\t<\/section>\n\t\t\t\t\t\t\t<\/div>\n\t\t","protected":false},"excerpt":{"rendered":"<p>Hakk\u0131m\u0131zda Kurulu\u015fundan bu yana GPC, bir\u00e7ok \u00fclkede da\u011f\u0131t\u0131m merkezleri bulunan \u00e7e\u015fitli yan kurulu\u015flar\u0131 arac\u0131l\u0131\u011f\u0131yla eczac\u0131l\u0131k \u00fcr\u00fcnleri \u00fcretmektedir. Kalitesi ile tan\u0131nan \u015firket, b\u00f6lgenin prestijli ila\u00e7 ve t\u0131bbi sa\u011flay\u0131c\u0131lardan biri olarak sayg\u0131nl\u0131k kazand\u0131. GPC, \u015firketi en h\u0131zl\u0131 b\u00fcy\u00fcyen \u015firketler aras\u0131nda konumland\u0131ran kendi i\u00e7ecek ve g\u0131da \u00fcr\u00fcnleri markalar\u0131n\u0131 geli\u015ftirerek H\u0131zl\u0131 T\u00fcketim \u00dcr\u00fcnleri end\u00fcstrisine a\u00e7\u0131ld\u0131. \u0130stikrars\u0131z b\u00f6lgelerdeki engin deneyimi, [&hellip;]<\/p>\n","protected":false},"author":2,"featured_media":0,"parent":0,"menu_order":0,"comment_status":"closed","ping_status":"closed","template":"template-homepage.php","meta":{"footnotes":""},"class_list":["post-6326","page","type-page","status-publish","hentry"],"_links":{"self":[{"href":"https:\/\/gpcturkiye.com\/turkiye\/wp-json\/wp\/v2\/pages\/6326","targetHints":{"allow":["GET"]}}],"collection":[{"href":"https:\/\/gpcturkiye.com\/turkiye\/wp-json\/wp\/v2\/pages"}],"about":[{"href":"https:\/\/gpcturkiye.com\/turkiye\/wp-json\/wp\/v2\/types\/page"}],"author":[{"embeddable":true,"href":"https:\/\/gpcturkiye.com\/turkiye\/wp-json\/wp\/v2\/users\/2"}],"replies":[{"embeddable":true,"href":"https:\/\/gpcturkiye.com\/turkiye\/wp-json\/wp\/v2\/comments?post=6326"}],"version-history":[{"count":128,"href":"https:\/\/gpcturkiye.com\/turkiye\/wp-json\/wp\/v2\/pages\/6326\/revisions"}],"predecessor-version":[{"id":7491,"href":"https:\/\/gpcturkiye.com\/turkiye\/wp-json\/wp\/v2\/pages\/6326\/revisions\/7491"}],"wp:attachment":[{"href":"https:\/\/gpcturkiye.com\/turkiye\/wp-json\/wp\/v2\/media?parent=6326"}],"curies":[{"name":"wp","href":"https:\/\/api.w.org\/{rel}","templated":true}]}}