{"id":6189,"date":"2023-01-17T02:39:59","date_gmt":"2023-01-16T23:09:59","guid":{"rendered":"http:\/\/gpcturkiye.com\/?page_id=6189"},"modified":"2023-07-15T12:49:10","modified_gmt":"2023-07-15T09:19:10","slug":"partner-center","status":"publish","type":"page","link":"https:\/\/gpcturkiye.com\/turkiye\/partner-center\/","title":{"rendered":"\u0130\u015e B\u0130RL\u0130\u011e\u0130 MERKEZ\u0130"},"content":{"rendered":"\t\t<div data-elementor-type=\"wp-page\" data-elementor-id=\"6189\" class=\"elementor elementor-6189\">\n\t\t\t\t\t\t\t\t\t<section class=\"elementor-section elementor-top-section elementor-element elementor-element-4806689f elementor-section-boxed elementor-section-height-default elementor-section-height-default\" data-id=\"4806689f\" data-element_type=\"section\" data-settings=\"{&quot;background_background&quot;:&quot;classic&quot;}\">\n\t\t\t\t\t\t\t<div class=\"elementor-background-overlay\"><\/div>\n\t\t\t\t\t\t\t<div class=\"elementor-container elementor-column-gap-default\">\n\t\t\t\t\t<div class=\"elementor-column elementor-col-50 elementor-top-column elementor-element elementor-element-63f3e8e5\" data-id=\"63f3e8e5\" data-element_type=\"column\">\n\t\t\t<div class=\"elementor-widget-wrap elementor-element-populated\">\n\t\t\t\t\t\t\t\t<div class=\"elementor-element elementor-element-1c024b6f elementor-widget elementor-widget-creote-title-v1\" data-id=\"1c024b6f\" data-element_type=\"widget\" data-widget_type=\"creote-title-v1.default\">\n\t\t\t\t<div class=\"elementor-widget-container\">\n\t\t\t<div class=\"title_all_box style_four  light_color\" >\r\n         <div class=\"title_sections four  left\">\r\n                  <h2>  i\u015f Birli\u011fi Merkezi<\/h2>\r\n               <\/div>\r\n               \r\n<\/div>\r\n\t\t<\/div>\n\t\t\t\t<\/div>\n\t\t\t\t\t<\/div>\n\t\t<\/div>\n\t\t\t\t<div class=\"elementor-column elementor-col-50 elementor-top-column elementor-element elementor-element-6846e694\" data-id=\"6846e694\" data-element_type=\"column\">\n\t\t\t<div class=\"elementor-widget-wrap\">\n\t\t\t\t\t\t\t\t\t<\/div>\n\t\t<\/div>\n\t\t\t\t\t\t\t<\/div>\n\t\t<\/section>\n\t\t\t\t<section class=\"elementor-section elementor-top-section elementor-element elementor-element-4f13754a elementor-section-full_width elementor-section-height-default elementor-section-height-default\" data-id=\"4f13754a\" data-element_type=\"section\">\n\t\t\t\t\t\t<div class=\"elementor-container elementor-column-gap-no\">\n\t\t\t\t\t<div class=\"elementor-column elementor-col-50 elementor-top-column elementor-element elementor-element-72b02606\" data-id=\"72b02606\" data-element_type=\"column\" data-settings=\"{&quot;background_background&quot;:&quot;classic&quot;}\">\n\t\t\t<div class=\"elementor-widget-wrap elementor-element-populated\">\n\t\t\t\t\t\t\t\t<div class=\"elementor-element elementor-element-af4cc82 elementor-hidden-desktop elementor-widget elementor-widget-spacer\" data-id=\"af4cc82\" data-element_type=\"widget\" data-widget_type=\"spacer.default\">\n\t\t\t\t<div class=\"elementor-widget-container\">\n\t\t\t<style>\/*! elementor - v3.11.2 - 22-02-2023 *\/\n.elementor-column .elementor-spacer-inner{height:var(--spacer-size)}.e-con{--container-widget-width:100%}.e-con-inner>.elementor-widget-spacer,.e-con>.elementor-widget-spacer{width:var(--container-widget-width,var(--spacer-size));--align-self:var(--container-widget-align-self,initial);--flex-shrink:0}.e-con-inner>.elementor-widget-spacer>.elementor-widget-container,.e-con-inner>.elementor-widget-spacer>.elementor-widget-container>.elementor-spacer,.e-con>.elementor-widget-spacer>.elementor-widget-container,.e-con>.elementor-widget-spacer>.elementor-widget-container>.elementor-spacer{height:100%}.e-con-inner>.elementor-widget-spacer>.elementor-widget-container>.elementor-spacer>.elementor-spacer-inner,.e-con>.elementor-widget-spacer>.elementor-widget-container>.elementor-spacer>.elementor-spacer-inner{height:var(--container-widget-height,var(--spacer-size))}<\/style>\t\t<div class=\"elementor-spacer\">\n\t\t\t<div class=\"elementor-spacer-inner\"><\/div>\n\t\t<\/div>\n\t\t\t\t<\/div>\n\t\t\t\t<\/div>\n\t\t\t\t\t<\/div>\n\t\t<\/div>\n\t\t\t\t<div class=\"elementor-column elementor-col-50 elementor-top-column elementor-element elementor-element-390470c5 primarg_bg_color\" data-id=\"390470c5\" data-element_type=\"column\" data-settings=\"{&quot;background_background&quot;:&quot;classic&quot;}\">\n\t\t\t<div class=\"elementor-widget-wrap elementor-element-populated\">\n\t\t\t\t\t<div class=\"elementor-background-overlay\"><\/div>\n\t\t\t\t\t\t\t\t<section class=\"elementor-section elementor-inner-section elementor-element elementor-element-ae257c6 elementor-section-boxed elementor-section-height-default elementor-section-height-default\" data-id=\"ae257c6\" data-element_type=\"section\">\n\t\t\t\t\t\t<div class=\"elementor-container elementor-column-gap-default\">\n\t\t\t\t\t<div class=\"elementor-column elementor-col-100 elementor-inner-column elementor-element elementor-element-9d89fac\" data-id=\"9d89fac\" data-element_type=\"column\">\n\t\t\t<div class=\"elementor-widget-wrap elementor-element-populated\">\n\t\t\t\t\t\t\t\t<div class=\"elementor-element elementor-element-7c5ec0b9 justify-full elementor-widget elementor-widget-creote-title-v1\" data-id=\"7c5ec0b9\" data-element_type=\"widget\" data-widget_type=\"creote-title-v1.default\">\n\t\t\t\t<div class=\"elementor-widget-container\">\n\t\t\t<div class=\"title_all_box style_one  dark_color\" >\r\n         <div class=\"title_sections left\">\r\n                  <h2>  Tedarik\u00e7iler<\/h2>\r\n                  <p>  Tedarik\u00e7i a\u011f\u0131m\u0131z d\u00fcnyan\u0131n d\u00f6rt bir yan\u0131na yay\u0131lm\u0131\u015ft\u0131r ve kendi alanlar\u0131nda k\u00fcresel liderlerden olu\u015fmaktad\u0131r. Bile\u015fenler, ambalaj ve \u00fcr\u00fcn geli\u015ftirmeden dan\u0131\u015fmanl\u0131k ve makinelere kadar lider tedarik\u00e7iler ar\u0131yoruz. Birden fazla platformda beceri ve bilgiyi birle\u015ftirmenin ba\u015far\u0131ya giden yol oldu\u011funu anlayan tedarik\u00e7ilerle \u00e7al\u0131\u015f\u0131yoruz.<\/p>\r\n         <\/div>\r\n               \r\n<\/div>\r\n\t\t<\/div>\n\t\t\t\t<\/div>\n\t\t\t\t<div class=\"elementor-element elementor-element-e23be1a justify-full elementor-widget elementor-widget-creote-title-v1\" data-id=\"e23be1a\" data-element_type=\"widget\" data-widget_type=\"creote-title-v1.default\">\n\t\t\t\t<div class=\"elementor-widget-container\">\n\t\t\t<div class=\"title_all_box style_one  dark_color\" >\r\n         <div class=\"title_sections left\">\r\n                  <h2>  Yakla\u015f\u0131m\u0131m\u0131z<\/h2>\r\n                  <p>  GPC, muazzam bir g\u00f6revi beraberinde getiren bir vizyona sahiptir. Bu nedenle, bu vizyonu ger\u00e7e\u011fe d\u00f6n\u00fc\u015ft\u00fcrmek i\u00e7in tedarik\u00e7ilerimizle ortakl\u0131k kurmam\u0131z gerekiyor.         \nNet hedef belirleme ile g\u00fc\u00e7l\u00fc ortakl\u0131klar, s\u00fcrd\u00fcr\u00fclebilir h\u0131zl\u0131 sonu\u00e7lar yaratma \nyakla\u015f\u0131m\u0131m\u0131zd\u0131r. Tedarik\u00e7i se\u00e7im s\u00fcrecimiz titizdir ve kalite t\u00fcm s\u00fcre\u00e7 boyunca \u00f6nde gelen temad\u0131r. Yapt\u0131\u011f\u0131m\u0131z her \u015feyde saf \u00fcst\u00fcn kaliteyi elde etmeyi ve s\u00fcrd\u00fcrmeyi taahh\u00fct ediyoruz ve tedarik\u00e7ilerimiz de ayn\u0131 felsefeye ba\u011fl\u0131 kal\u0131yor.\n<\/p>\r\n         <\/div>\r\n               \r\n<\/div>\r\n\t\t<\/div>\n\t\t\t\t<\/div>\n\t\t\t\t<div class=\"elementor-element elementor-element-c1ee491 justify-full elementor-widget elementor-widget-creote-title-v1\" data-id=\"c1ee491\" data-element_type=\"widget\" data-widget_type=\"creote-title-v1.default\">\n\t\t\t\t<div class=\"elementor-widget-container\">\n\t\t\t<div class=\"title_all_box style_one  dark_color\" >\r\n         <div class=\"title_sections left\">\r\n                  <h2>  Birlikte \u00e7al\u0131\u015fal\u0131m<\/h2>\r\n                  <p>  Birlikte \u00e7al\u0131\u015ft\u0131\u011f\u0131m\u0131z tedarik\u00e7i birimlerinden baz\u0131lar\u0131 \u015funlard\u0131r:\n<p>\u2022\tMalzeme Tedarikc\u0327ileri<\/p>\n<p>\u2022\tSo\u0308zles\u0327meli U\u0308reticiler<\/p>\n<p>\u2022\tU\u0308ru\u0308n Gelis\u0327tiriciler<\/p>\n<p>\u2022\tAmbalaj Tasar\u0131mc\u0131lar\u0131<\/p>\n<p>\u2022\tAmbalaj u\u0308reticileri<\/p>\n<p>\u2022\tMakine Tedarikc\u0327iler<\/p>\n<p>\u2022\tPazarlama ic\u0327erig\u0306i olus\u0327turucular\u0131<\/p><\/p>\r\n         <\/div>\r\n               \r\n<\/div>\r\n\t\t<\/div>\n\t\t\t\t<\/div>\n\t\t\t\t\t<\/div>\n\t\t<\/div>\n\t\t\t\t\t\t\t<\/div>\n\t\t<\/section>\n\t\t\t\t\t<\/div>\n\t\t<\/div>\n\t\t\t\t\t\t\t<\/div>\n\t\t<\/section>\n\t\t\t\t<section class=\"elementor-section elementor-top-section elementor-element elementor-element-72586e9 elementor-section-full_width elementor-section-height-default elementor-section-height-default\" data-id=\"72586e9\" data-element_type=\"section\">\n\t\t\t\t\t\t<div class=\"elementor-container elementor-column-gap-no\">\n\t\t\t\t\t<div class=\"elementor-column elementor-col-100 elementor-top-column elementor-element elementor-element-1dd4001 primarg_bg_color\" data-id=\"1dd4001\" data-element_type=\"column\" data-settings=\"{&quot;background_background&quot;:&quot;classic&quot;}\">\n\t\t\t<div class=\"elementor-widget-wrap elementor-element-populated\">\n\t\t\t\t\t<div class=\"elementor-background-overlay\"><\/div>\n\t\t\t\t\t\t\t\t<section class=\"elementor-section elementor-inner-section elementor-element elementor-element-995211c elementor-section-boxed elementor-section-height-default elementor-section-height-default\" data-id=\"995211c\" data-element_type=\"section\">\n\t\t\t\t\t\t<div class=\"elementor-container elementor-column-gap-default\">\n\t\t\t\t\t<div class=\"elementor-column elementor-col-100 elementor-inner-column elementor-element elementor-element-6e5bf5d\" data-id=\"6e5bf5d\" data-element_type=\"column\">\n\t\t\t<div class=\"elementor-widget-wrap elementor-element-populated\">\n\t\t\t\t\t\t\t\t<div class=\"elementor-element elementor-element-f1f0320 elementor-widget elementor-widget-creote-title-v1\" data-id=\"f1f0320\" data-element_type=\"widget\" data-widget_type=\"creote-title-v1.default\">\n\t\t\t\t<div class=\"elementor-widget-container\">\n\t\t\t<div class=\"title_all_box style_one  light_color\" >\r\n         <div class=\"title_sections center\">\r\n                  <h2>  ORTAKLIKLAR<\/h2>\r\n                  <p>  GPC'de ortaklar\u0131m\u0131z\u0131 sat\u0131n alm\u0131yoruz, kendimiz yeti\u015ftiriyoruz ve her i\u015f birlik\u00e7imize bir ortak gibi davran\u0131yoruz.Hi\u00e7bir i\u015f m\u00fccadeleden yoksun de\u011fildir GPC'deki ortaklar zorluklarda ve refahta g\u00fc\u00e7lerimizi birle\u015ftirdi\u011fimizi bilirler . Zorluklar\u0131 \u00e7\u00f6zmek i\u00e7in yeni bir hayat getirmek i\u00e7in kabiliyetlerimizi bir araya getirmek ve bir\u00e7ok ba\u015far\u0131y\u0131 birlikte kutlamakt\u0131r.\n<\/br>\nGPC her zaman vizyonunu ilerletebilecek, t\u00fcketicileri ve i\u015f ortaklar\u0131 i\u00e7in b\u00fcy\u00fcme ve refah yaratabilecek i\u015f birlikleri aramaktad\u0131r.\n<\/p>\r\n         <\/div>\r\n               \r\n<\/div>\r\n\t\t<\/div>\n\t\t\t\t<\/div>\n\t\t\t\t\t<\/div>\n\t\t<\/div>\n\t\t\t\t\t\t\t<\/div>\n\t\t<\/section>\n\t\t\t\t\t<\/div>\n\t\t<\/div>\n\t\t\t\t\t\t\t<\/div>\n\t\t<\/section>\n\t\t\t\t<section class=\"elementor-section elementor-top-section elementor-element elementor-element-cdf7edb elementor-section-full_width elementor-section-height-default elementor-section-height-default\" data-id=\"cdf7edb\" data-element_type=\"section\">\n\t\t\t\t\t\t<div class=\"elementor-container elementor-column-gap-no\">\n\t\t\t\t\t<div class=\"elementor-column elementor-col-50 elementor-top-column elementor-element elementor-element-405c88e primarg_bg_color\" data-id=\"405c88e\" data-element_type=\"column\" data-settings=\"{&quot;background_background&quot;:&quot;classic&quot;}\">\n\t\t\t<div class=\"elementor-widget-wrap elementor-element-populated\">\n\t\t\t\t\t<div class=\"elementor-background-overlay\"><\/div>\n\t\t\t\t\t\t\t\t<section class=\"elementor-section elementor-inner-section elementor-element elementor-element-dbfb053 elementor-section-boxed elementor-section-height-default elementor-section-height-default\" data-id=\"dbfb053\" data-element_type=\"section\">\n\t\t\t\t\t\t<div class=\"elementor-container elementor-column-gap-default\">\n\t\t\t\t\t<div class=\"elementor-column elementor-col-100 elementor-inner-column elementor-element elementor-element-3cbc244\" data-id=\"3cbc244\" data-element_type=\"column\">\n\t\t\t<div class=\"elementor-widget-wrap elementor-element-populated\">\n\t\t\t\t\t\t\t\t<div class=\"elementor-element elementor-element-c0ef04a justify-full elementor-widget elementor-widget-creote-title-v1\" data-id=\"c0ef04a\" data-element_type=\"widget\" data-widget_type=\"creote-title-v1.default\">\n\t\t\t\t<div class=\"elementor-widget-container\">\n\t\t\t<div class=\"title_all_box style_one  dark_color\" >\r\n         <div class=\"title_sections left\">\r\n                  <h2>  D\u0130STR\u0130B\u00dcT\u00d6RLER<\/h2>\r\n                  <p>  B\u00fcy\u00fcmeyi ve ba\u015far\u0131y\u0131 s\u00fcrd\u00fcr\u00fclebilir k\u0131lmak i\u00e7in, y\u00fcksek kaliteli \u00fcr\u00fcn \u00fcretimi ve g\u00fc\u00e7l\u00fc marka de\u011feri, etkili da\u011f\u0131t\u0131m modelleri ve sistemleri ile hareket edilmelidir. GPC'de, son teknoloji tesis ve ekipmanlar\u0131n yan\u0131 s\u0131ra yerel pazar bilgisi, ili\u015fkileri ve anlay\u0131\u015f\u0131 ile en iyi distrib\u00fct\u00f6rlerle ortakl\u0131k kurmak temel bir \u00f6nceliktir. D\u00fcnyan\u0131n d\u00f6rt bir yan\u0131ndaki bir\u00e7ok pazarda, ofisleri temel yerel uzmanl\u0131\u011fa sahip oldu\u011fu i\u00e7in \u015firketin kendi da\u011f\u0131t\u0131m tesisleri vard\u0131r. Di\u011fer b\u00f6lgelerde daha da geni\u015fleyebilmek i\u00e7in \u015firketin distrib\u00fct\u00f6r ortakl\u0131klar\u0131 gerekiyor.<\/p>\r\n         <\/div>\r\n               \r\n<\/div>\r\n\t\t<\/div>\n\t\t\t\t<\/div>\n\t\t\t\t<div class=\"elementor-element elementor-element-7a51593 justify-full elementor-widget elementor-widget-creote-title-v1\" data-id=\"7a51593\" data-element_type=\"widget\" data-widget_type=\"creote-title-v1.default\">\n\t\t\t\t<div class=\"elementor-widget-container\">\n\t\t\t<div class=\"title_all_box style_one  dark_color\" >\r\n         <div class=\"title_sections left\">\r\n                  <h2>  Yakla\u015f\u0131m\u0131m\u0131z<\/h2>\r\n                  <p>  GPC'nin g\u00fcc\u00fc, hem ila\u00e7 hem de FMCG end\u00fcstrilerinde kendi ve di\u011fer \u00fcr\u00fcnlerin da\u011f\u0131t\u0131m\u0131nda yatmaktad\u0131r. Temel b\u00f6lgelerimiz Orta Asya, Avrupa ve Orta Do\u011fu' dur. K\u00fcresel bir lider grup olu\u015fturma vizyonumuz, d\u00fcnyan\u0131n bir\u00e7ok b\u00f6lgesinde yeni da\u011f\u0131t\u0131m ortaklar\u0131 arad\u0131\u011f\u0131m\u0131z anlam\u0131na geliyor. Depolama ve lojistikte g\u00fcc\u00fc, yerel bilgi ve deneyimi, \u0130la\u00e7, T\u0131bbi Ekipman ve FMCG \u00fcr\u00fcnlerinde kan\u0131tlanm\u0131\u015f ba\u015far\u0131l\u0131 performans ge\u00e7mi\u015fi olan da\u011f\u0131t\u0131mc\u0131lar\u0131 ar\u0131yoruz.<\/p>\r\n         <\/div>\r\n               \r\n<\/div>\r\n\t\t<\/div>\n\t\t\t\t<\/div>\n\t\t\t\t<div class=\"elementor-element elementor-element-92e3024 justify-full elementor-widget elementor-widget-creote-title-v1\" data-id=\"92e3024\" data-element_type=\"widget\" data-widget_type=\"creote-title-v1.default\">\n\t\t\t\t<div class=\"elementor-widget-container\">\n\t\t\t<div class=\"title_all_box style_one  dark_color\" >\r\n         <div class=\"title_sections left\">\r\n                  <h2>  Birlikte \u00e7al\u0131\u015fal\u0131m<\/h2>\r\n                  <p>  GPC'nin i\u015f ortakl\u0131\u011f\u0131 yapmak istedi\u011fi b\u00f6lgeler:<\/br>\n    <p>\u2022\tBa\u011f\u0131ms\u0131z Devletler Toplulu\u011fu - BDT<\/p>\n    <p>\u2022\tODKA - Orta Do\u011fu ve Kuzey Afrika<\/p>\n    <p>\u2022\tAvrupa<\/p><\/p>\r\n         <\/div>\r\n               \r\n<\/div>\r\n\t\t<\/div>\n\t\t\t\t<\/div>\n\t\t\t\t\t<\/div>\n\t\t<\/div>\n\t\t\t\t\t\t\t<\/div>\n\t\t<\/section>\n\t\t\t\t\t<\/div>\n\t\t<\/div>\n\t\t\t\t<div class=\"elementor-column elementor-col-50 elementor-top-column elementor-element elementor-element-fa7a634\" data-id=\"fa7a634\" data-element_type=\"column\" data-settings=\"{&quot;background_background&quot;:&quot;classic&quot;}\">\n\t\t\t<div class=\"elementor-widget-wrap elementor-element-populated\">\n\t\t\t\t\t\t\t\t<div class=\"elementor-element elementor-element-1c32c98 elementor-hidden-desktop elementor-widget elementor-widget-spacer\" data-id=\"1c32c98\" data-element_type=\"widget\" data-widget_type=\"spacer.default\">\n\t\t\t\t<div class=\"elementor-widget-container\">\n\t\t\t\t\t<div class=\"elementor-spacer\">\n\t\t\t<div class=\"elementor-spacer-inner\"><\/div>\n\t\t<\/div>\n\t\t\t\t<\/div>\n\t\t\t\t<\/div>\n\t\t\t\t\t<\/div>\n\t\t<\/div>\n\t\t\t\t\t\t\t<\/div>\n\t\t<\/section>\n\t\t\t\t\t\t\t<\/div>\n\t\t","protected":false},"excerpt":{"rendered":"<p>i\u015f Birli\u011fi Merkezi Tedarik\u00e7iler Tedarik\u00e7i a\u011f\u0131m\u0131z d\u00fcnyan\u0131n d\u00f6rt bir yan\u0131na yay\u0131lm\u0131\u015ft\u0131r ve kendi alanlar\u0131nda k\u00fcresel liderlerden olu\u015fmaktad\u0131r. Bile\u015fenler, ambalaj ve \u00fcr\u00fcn geli\u015ftirmeden dan\u0131\u015fmanl\u0131k ve makinelere kadar lider tedarik\u00e7iler ar\u0131yoruz. Birden fazla platformda beceri ve bilgiyi birle\u015ftirmenin ba\u015far\u0131ya giden yol oldu\u011funu anlayan tedarik\u00e7ilerle \u00e7al\u0131\u015f\u0131yoruz. Yakla\u015f\u0131m\u0131m\u0131z GPC, muazzam bir g\u00f6revi beraberinde getiren bir vizyona sahiptir. Bu nedenle, [&hellip;]<\/p>\n","protected":false},"author":2,"featured_media":0,"parent":0,"menu_order":0,"comment_status":"closed","ping_status":"closed","template":"template-homepage.php","meta":{"footnotes":""},"class_list":["post-6189","page","type-page","status-publish","hentry"],"_links":{"self":[{"href":"https:\/\/gpcturkiye.com\/turkiye\/wp-json\/wp\/v2\/pages\/6189","targetHints":{"allow":["GET"]}}],"collection":[{"href":"https:\/\/gpcturkiye.com\/turkiye\/wp-json\/wp\/v2\/pages"}],"about":[{"href":"https:\/\/gpcturkiye.com\/turkiye\/wp-json\/wp\/v2\/types\/page"}],"author":[{"embeddable":true,"href":"https:\/\/gpcturkiye.com\/turkiye\/wp-json\/wp\/v2\/users\/2"}],"replies":[{"embeddable":true,"href":"https:\/\/gpcturkiye.com\/turkiye\/wp-json\/wp\/v2\/comments?post=6189"}],"version-history":[{"count":241,"href":"https:\/\/gpcturkiye.com\/turkiye\/wp-json\/wp\/v2\/pages\/6189\/revisions"}],"predecessor-version":[{"id":7544,"href":"https:\/\/gpcturkiye.com\/turkiye\/wp-json\/wp\/v2\/pages\/6189\/revisions\/7544"}],"wp:attachment":[{"href":"https:\/\/gpcturkiye.com\/turkiye\/wp-json\/wp\/v2\/media?parent=6189"}],"curies":[{"name":"wp","href":"https:\/\/api.w.org\/{rel}","templated":true}]}}