{"id":6181,"date":"2023-01-17T02:27:55","date_gmt":"2023-01-16T22:57:55","guid":{"rendered":"http:\/\/gpcturkiye.com\/?page_id=6181"},"modified":"2023-07-15T12:48:50","modified_gmt":"2023-07-15T09:18:50","slug":"innovation","status":"publish","type":"page","link":"https:\/\/gpcturkiye.com\/turkiye\/innovation\/","title":{"rendered":"INOVASYON"},"content":{"rendered":"\t\t<div data-elementor-type=\"wp-page\" data-elementor-id=\"6181\" class=\"elementor elementor-6181\">\n\t\t\t\t\t\t\t\t\t<section class=\"elementor-section elementor-top-section elementor-element elementor-element-7440698c elementor-section-boxed elementor-section-height-default elementor-section-height-default\" data-id=\"7440698c\" data-element_type=\"section\" data-settings=\"{&quot;background_background&quot;:&quot;classic&quot;}\">\n\t\t\t\t\t\t\t<div class=\"elementor-background-overlay\"><\/div>\n\t\t\t\t\t\t\t<div class=\"elementor-container elementor-column-gap-default\">\n\t\t\t\t\t<div class=\"elementor-column elementor-col-50 elementor-top-column elementor-element elementor-element-68534988\" data-id=\"68534988\" data-element_type=\"column\">\n\t\t\t<div class=\"elementor-widget-wrap elementor-element-populated\">\n\t\t\t\t\t\t\t\t<div class=\"elementor-element elementor-element-208e497f elementor-widget elementor-widget-creote-title-v1\" data-id=\"208e497f\" data-element_type=\"widget\" data-widget_type=\"creote-title-v1.default\">\n\t\t\t\t<div class=\"elementor-widget-container\">\n\t\t\t<div class=\"title_all_box style_four  light_color\" >\r\n         <div class=\"title_sections four  left\">\r\n                  <h2>  Inovasyon<\/h2>\r\n               <\/div>\r\n               \r\n<\/div>\r\n\t\t<\/div>\n\t\t\t\t<\/div>\n\t\t\t\t\t<\/div>\n\t\t<\/div>\n\t\t\t\t<div class=\"elementor-column elementor-col-50 elementor-top-column elementor-element elementor-element-4309e4b5\" data-id=\"4309e4b5\" data-element_type=\"column\">\n\t\t\t<div class=\"elementor-widget-wrap\">\n\t\t\t\t\t\t\t\t\t<\/div>\n\t\t<\/div>\n\t\t\t\t\t\t\t<\/div>\n\t\t<\/section>\n\t\t\t\t<section class=\"elementor-section elementor-top-section elementor-element elementor-element-5f5fe54 elementor-section-boxed elementor-section-height-default elementor-section-height-default\" data-id=\"5f5fe54\" data-element_type=\"section\" data-settings=\"{&quot;background_background&quot;:&quot;classic&quot;}\">\n\t\t\t\t\t\t<div class=\"elementor-container elementor-column-gap-default\">\n\t\t\t\t\t<div class=\"elementor-column elementor-col-100 elementor-top-column elementor-element elementor-element-7b2a5e56\" data-id=\"7b2a5e56\" data-element_type=\"column\">\n\t\t\t<div class=\"elementor-widget-wrap elementor-element-populated\">\n\t\t\t\t\t\t\t\t<section class=\"elementor-section elementor-inner-section elementor-element elementor-element-29911983 elementor-section-full_width elementor-section-height-default elementor-section-height-default\" data-id=\"29911983\" data-element_type=\"section\">\n\t\t\t\t\t\t<div class=\"elementor-container elementor-column-gap-no\">\n\t\t\t\t\t<div class=\"elementor-column elementor-col-100 elementor-inner-column elementor-element elementor-element-456b2c4e\" data-id=\"456b2c4e\" data-element_type=\"column\">\n\t\t\t<div class=\"elementor-widget-wrap elementor-element-populated\">\n\t\t\t\t\t\t\t\t<div class=\"elementor-element elementor-element-2992eb9a elementor-widget elementor-widget-creote-title-v1\" data-id=\"2992eb9a\" data-element_type=\"widget\" data-widget_type=\"creote-title-v1.default\">\n\t\t\t\t<div class=\"elementor-widget-container\">\n\t\t\t<div class=\"title_all_box style_one  dark_color\" >\r\n         <div class=\"title_sections center\">\r\n                        <p>  B\u00fcy\u00fcme tutkumuz inovasyon ve birinci s\u0131n\u0131f kalitede \u00fcr\u00fcnler geli\u015ftirme ve piyasaya s\u00fcrme s\u00f6z\u00fcm\u00fcz\u00fc yerinegetirmekten beslenmektedir. \u00dcr\u00fcn geli\u015ftirme, kaliteli ve m\u00fc\u015fterilerimizi memnun eden \u00fcr\u00fcnleri piyasaya s\u00fcrmeye devam etmenin yan\u0131 s\u0131ra hissedarlar\u0131m\u0131za kararl\u0131 b\u00fcy\u00fcme ve geni\u015fleme planlar\u0131 sunma planlar\u0131m\u0131z\u0131n merkezinde yer almaktad\u0131r.<\/p>\r\n         <\/div>\r\n               \r\n<\/div>\r\n\t\t<\/div>\n\t\t\t\t<\/div>\n\t\t\t\t\t<\/div>\n\t\t<\/div>\n\t\t\t\t\t\t\t<\/div>\n\t\t<\/section>\n\t\t\t\t\t<\/div>\n\t\t<\/div>\n\t\t\t\t\t\t\t<\/div>\n\t\t<\/section>\n\t\t\t\t<section class=\"elementor-section elementor-top-section elementor-element elementor-element-7d4309c1 elementor-section-full_width elementor-section-height-default elementor-section-height-default\" data-id=\"7d4309c1\" data-element_type=\"section\">\n\t\t\t\t\t\t<div class=\"elementor-container elementor-column-gap-no\">\n\t\t\t\t\t<div class=\"elementor-column elementor-col-50 elementor-top-column elementor-element elementor-element-6ff7af7f\" data-id=\"6ff7af7f\" data-element_type=\"column\" data-settings=\"{&quot;background_background&quot;:&quot;slideshow&quot;,&quot;background_slideshow_gallery&quot;:[],&quot;background_slideshow_loop&quot;:&quot;yes&quot;,&quot;background_slideshow_slide_duration&quot;:5000,&quot;background_slideshow_slide_transition&quot;:&quot;fade&quot;,&quot;background_slideshow_transition_duration&quot;:500}\">\n\t\t\t<div class=\"elementor-widget-wrap elementor-element-populated\">\n\t\t\t\t\t\t\t\t<section class=\"elementor-section elementor-inner-section elementor-element elementor-element-f3e6cbc elementor-section-boxed elementor-section-height-default elementor-section-height-default\" data-id=\"f3e6cbc\" data-element_type=\"section\">\n\t\t\t\t\t\t<div class=\"elementor-container elementor-column-gap-default\">\n\t\t\t\t\t<div class=\"elementor-column elementor-col-100 elementor-inner-column elementor-element elementor-element-2408fdaf\" data-id=\"2408fdaf\" data-element_type=\"column\">\n\t\t\t<div class=\"elementor-widget-wrap elementor-element-populated\">\n\t\t\t\t\t\t\t\t<div class=\"elementor-element elementor-element-466b85ad justify-full elementor-widget elementor-widget-creote-title-v1\" data-id=\"466b85ad\" data-element_type=\"widget\" data-widget_type=\"creote-title-v1.default\">\n\t\t\t\t<div class=\"elementor-widget-container\">\n\t\t\t<div class=\"title_all_box style_one  dark_color\" >\r\n         <div class=\"title_sections left\">\r\n                  <h2>  Ara\u015ft\u0131rma<\/h2>\r\n                  <p>  Ara\u015ft\u0131rman\u0131n kurulu\u015fumuzun s\u00fcrekli ve geli\u015fen bir par\u00e7as\u0131 oldu\u011funa inan\u0131yoruz. Geleneksel ara\u015ft\u0131rma y\u00f6ntemlerinin yerini, pazarlardaki \u00e7al\u0131\u015fanlar\u0131m\u0131z arac\u0131l\u0131\u011f\u0131yla s\u00fcrekli olarak t\u00fcketici i\u00e7 g\u00f6r\u00fcleri, geli\u015fim ve trendler sa\u011flamak i\u00e7in yeni metodolojiler alm\u0131\u015ft\u0131r.<\/p>\r\n         <\/div>\r\n               \r\n<\/div>\r\n\t\t<\/div>\n\t\t\t\t<\/div>\n\t\t\t\t<div class=\"elementor-element elementor-element-35d7c29 justify-full elementor-widget elementor-widget-creote-title-v1\" data-id=\"35d7c29\" data-element_type=\"widget\" data-widget_type=\"creote-title-v1.default\">\n\t\t\t\t<div class=\"elementor-widget-container\">\n\t\t\t<div class=\"title_all_box style_one  dark_color\" >\r\n         <div class=\"title_sections left\">\r\n                  <h2>  \u00dcr\u00fcn Geli\u015ftirme<\/h2>\r\n                  <p>  Merkez ofisimizde bulunan ana \u00fcr\u00fcn geli\u015ftirme ekibi, d\u00fcnyan\u0131n d\u00f6rt bir yan\u0131ndaki sat\u0131\u015f ve pazarlama ofisleri, fabrikalar, tedarik\u00e7iler ve Ar-Ge merkezleriyle ba\u011flant\u0131l\u0131d\u0131r. \n\nEkip, her b\u00f6lgedeki yerel yeteneklerden yararlanarak b\u00f6lge i\u00e7in tasarlanm\u0131\u015f ve yurt \nd\u0131\u015f\u0131ndan uyarlanmam\u0131\u015f \u00fcr\u00fcnler sunar. Bu \u015fekilde, de\u011ferli t\u00fcketici i\u00e7g\u00f6r\u00fclerini  t\u00fcketicilerin istedi\u011fi ve ihtiya\u00e7 duydu\u011fu \u00fcr\u00fcnlere d\u00f6n\u00fc\u015ft\u00fcr\u00fcrler. \u00dcr\u00fcnlerin bir\u00e7ok geli\u015ftirme a\u015famas\u0131 boyunca titizlikle test edilmesi, \u00fcr\u00fcnlerin piyasaya s\u00fcr\u00fclmesinin bir bilgi platformundan ba\u015flat\u0131lmas\u0131n\u0131 ve ba\u015far\u0131ya ula\u015fmas\u0131n\u0131 sa\u011flar.\n<\/p>\r\n         <\/div>\r\n               \r\n<\/div>\r\n\t\t<\/div>\n\t\t\t\t<\/div>\n\t\t\t\t<div class=\"elementor-element elementor-element-6197821 justify-full elementor-widget elementor-widget-creote-title-v1\" data-id=\"6197821\" data-element_type=\"widget\" data-widget_type=\"creote-title-v1.default\">\n\t\t\t\t<div class=\"elementor-widget-container\">\n\t\t\t<div class=\"title_all_box style_one  dark_color\" >\r\n         <div class=\"title_sections left\">\r\n                  <h2>  \u00dcr\u00fcnlerin lansman\u0131<\/h2>\r\n                  <p>  S\u00fcrecin bu a\u015famas\u0131nda t\u00fcm ekipler, yeni \u00fcr\u00fcnlerin t\u00fcketicilerimize sorunsuz bir \u015fekilde ula\u015ft\u0131r\u0131lmas\u0131n\u0131 edilmesini sa\u011flamak i\u00e7in birlikte dikkatle \u00e7al\u0131\u015fmaktad\u0131r.<\/p>\r\n         <\/div>\r\n               \r\n<\/div>\r\n\t\t<\/div>\n\t\t\t\t<\/div>\n\t\t\t\t\t<\/div>\n\t\t<\/div>\n\t\t\t\t\t\t\t<\/div>\n\t\t<\/section>\n\t\t\t\t\t<\/div>\n\t\t<\/div>\n\t\t\t\t<div class=\"elementor-column elementor-col-50 elementor-top-column elementor-element elementor-element-4957622e primarg_bg_color\" data-id=\"4957622e\" data-element_type=\"column\" data-settings=\"{&quot;background_background&quot;:&quot;slideshow&quot;,&quot;background_slideshow_gallery&quot;:[{&quot;id&quot;:6448,&quot;url&quot;:&quot;https:\\\/\\\/gpcturkiye.com\\\/wp-content\\\/uploads\\\/2023\\\/01\\\/Innovation-3.jpg&quot;},{&quot;id&quot;:6449,&quot;url&quot;:&quot;https:\\\/\\\/gpcturkiye.com\\\/wp-content\\\/uploads\\\/2023\\\/01\\\/Innovation-2-2.jpg&quot;}],&quot;background_slideshow_loop&quot;:&quot;yes&quot;,&quot;background_slideshow_slide_duration&quot;:5000,&quot;background_slideshow_slide_transition&quot;:&quot;fade&quot;,&quot;background_slideshow_transition_duration&quot;:500}\">\n\t\t\t<div class=\"elementor-widget-wrap elementor-element-populated\">\n\t\t\t\t\t\t\t\t<div class=\"elementor-element elementor-element-12b3cd3 elementor-widget elementor-widget-spacer\" data-id=\"12b3cd3\" data-element_type=\"widget\" data-widget_type=\"spacer.default\">\n\t\t\t\t<div class=\"elementor-widget-container\">\n\t\t\t<style>\/*! elementor - v3.11.2 - 22-02-2023 *\/\n.elementor-column .elementor-spacer-inner{height:var(--spacer-size)}.e-con{--container-widget-width:100%}.e-con-inner>.elementor-widget-spacer,.e-con>.elementor-widget-spacer{width:var(--container-widget-width,var(--spacer-size));--align-self:var(--container-widget-align-self,initial);--flex-shrink:0}.e-con-inner>.elementor-widget-spacer>.elementor-widget-container,.e-con-inner>.elementor-widget-spacer>.elementor-widget-container>.elementor-spacer,.e-con>.elementor-widget-spacer>.elementor-widget-container,.e-con>.elementor-widget-spacer>.elementor-widget-container>.elementor-spacer{height:100%}.e-con-inner>.elementor-widget-spacer>.elementor-widget-container>.elementor-spacer>.elementor-spacer-inner,.e-con>.elementor-widget-spacer>.elementor-widget-container>.elementor-spacer>.elementor-spacer-inner{height:var(--container-widget-height,var(--spacer-size))}<\/style>\t\t<div class=\"elementor-spacer\">\n\t\t\t<div class=\"elementor-spacer-inner\"><\/div>\n\t\t<\/div>\n\t\t\t\t<\/div>\n\t\t\t\t<\/div>\n\t\t\t\t\t<\/div>\n\t\t<\/div>\n\t\t\t\t\t\t\t<\/div>\n\t\t<\/section>\n\t\t\t\t\t\t\t<\/div>\n\t\t","protected":false},"excerpt":{"rendered":"<p>Inovasyon B\u00fcy\u00fcme tutkumuz inovasyon ve birinci s\u0131n\u0131f kalitede \u00fcr\u00fcnler geli\u015ftirme ve piyasaya s\u00fcrme s\u00f6z\u00fcm\u00fcz\u00fc yerinegetirmekten beslenmektedir. \u00dcr\u00fcn geli\u015ftirme, kaliteli ve m\u00fc\u015fterilerimizi memnun eden \u00fcr\u00fcnleri piyasaya s\u00fcrmeye devam etmenin yan\u0131 s\u0131ra hissedarlar\u0131m\u0131za kararl\u0131 b\u00fcy\u00fcme ve geni\u015fleme planlar\u0131 sunma planlar\u0131m\u0131z\u0131n merkezinde yer almaktad\u0131r. Ara\u015ft\u0131rma Ara\u015ft\u0131rman\u0131n kurulu\u015fumuzun s\u00fcrekli ve geli\u015fen bir par\u00e7as\u0131 oldu\u011funa inan\u0131yoruz. Geleneksel ara\u015ft\u0131rma y\u00f6ntemlerinin yerini, [&hellip;]<\/p>\n","protected":false},"author":2,"featured_media":0,"parent":0,"menu_order":0,"comment_status":"closed","ping_status":"closed","template":"template-homepage.php","meta":{"footnotes":""},"class_list":["post-6181","page","type-page","status-publish","hentry"],"_links":{"self":[{"href":"https:\/\/gpcturkiye.com\/turkiye\/wp-json\/wp\/v2\/pages\/6181","targetHints":{"allow":["GET"]}}],"collection":[{"href":"https:\/\/gpcturkiye.com\/turkiye\/wp-json\/wp\/v2\/pages"}],"about":[{"href":"https:\/\/gpcturkiye.com\/turkiye\/wp-json\/wp\/v2\/types\/page"}],"author":[{"embeddable":true,"href":"https:\/\/gpcturkiye.com\/turkiye\/wp-json\/wp\/v2\/users\/2"}],"replies":[{"embeddable":true,"href":"https:\/\/gpcturkiye.com\/turkiye\/wp-json\/wp\/v2\/comments?post=6181"}],"version-history":[{"count":82,"href":"https:\/\/gpcturkiye.com\/turkiye\/wp-json\/wp\/v2\/pages\/6181\/revisions"}],"predecessor-version":[{"id":7541,"href":"https:\/\/gpcturkiye.com\/turkiye\/wp-json\/wp\/v2\/pages\/6181\/revisions\/7541"}],"wp:attachment":[{"href":"https:\/\/gpcturkiye.com\/turkiye\/wp-json\/wp\/v2\/media?parent=6181"}],"curies":[{"name":"wp","href":"https:\/\/api.w.org\/{rel}","templated":true}]}}