{"id":6160,"date":"2023-01-17T02:03:51","date_gmt":"2023-01-16T22:33:51","guid":{"rendered":"http:\/\/gpcturkiye.com\/?page_id=6160"},"modified":"2023-07-15T12:48:44","modified_gmt":"2023-07-15T09:18:44","slug":"our-purpose","status":"publish","type":"page","link":"https:\/\/gpcturkiye.com\/turkiye\/our-purpose\/","title":{"rendered":"AMACIMIZ"},"content":{"rendered":"\t\t<div data-elementor-type=\"wp-page\" data-elementor-id=\"6160\" class=\"elementor elementor-6160\">\n\t\t\t\t\t\t\t\t\t<section class=\"elementor-section elementor-top-section elementor-element elementor-element-337303fb elementor-section-boxed elementor-section-height-default elementor-section-height-default\" data-id=\"337303fb\" data-element_type=\"section\" data-settings=\"{&quot;background_background&quot;:&quot;classic&quot;}\">\n\t\t\t\t\t\t\t<div class=\"elementor-background-overlay\"><\/div>\n\t\t\t\t\t\t\t<div class=\"elementor-container elementor-column-gap-default\">\n\t\t\t\t\t<div class=\"elementor-column elementor-col-50 elementor-top-column elementor-element elementor-element-3cb7a380\" data-id=\"3cb7a380\" data-element_type=\"column\">\n\t\t\t<div class=\"elementor-widget-wrap elementor-element-populated\">\n\t\t\t\t\t\t\t\t<div class=\"elementor-element elementor-element-7102fff8 elementor-widget elementor-widget-creote-title-v1\" data-id=\"7102fff8\" data-element_type=\"widget\" data-widget_type=\"creote-title-v1.default\">\n\t\t\t\t<div class=\"elementor-widget-container\">\n\t\t\t<div class=\"title_all_box style_four  light_color\" >\r\n         <div class=\"title_sections four  left\">\r\n                  <h2>  Amac\u0131m\u0131z<\/h2>\r\n               <\/div>\r\n               \r\n<\/div>\r\n\t\t<\/div>\n\t\t\t\t<\/div>\n\t\t\t\t\t<\/div>\n\t\t<\/div>\n\t\t\t\t<div class=\"elementor-column elementor-col-50 elementor-top-column elementor-element elementor-element-70c53e12\" data-id=\"70c53e12\" data-element_type=\"column\">\n\t\t\t<div class=\"elementor-widget-wrap\">\n\t\t\t\t\t\t\t\t\t<\/div>\n\t\t<\/div>\n\t\t\t\t\t\t\t<\/div>\n\t\t<\/section>\n\t\t\t\t<section class=\"elementor-section elementor-top-section elementor-element elementor-element-4889d59 elementor-section-full_width elementor-section-height-default elementor-section-height-default\" data-id=\"4889d59\" data-element_type=\"section\" data-settings=\"{&quot;background_background&quot;:&quot;classic&quot;}\">\n\t\t\t\t\t\t<div class=\"elementor-container elementor-column-gap-default\">\n\t\t\t\t\t<div class=\"elementor-column elementor-col-100 elementor-top-column elementor-element elementor-element-e6b46b6\" data-id=\"e6b46b6\" data-element_type=\"column\">\n\t\t\t<div class=\"elementor-widget-wrap elementor-element-populated\">\n\t\t\t\t\t\t\t\t<div class=\"elementor-element elementor-element-6172eb83 elementor-widget elementor-widget-creote-title-v1\" data-id=\"6172eb83\" data-element_type=\"widget\" data-widget_type=\"creote-title-v1.default\">\n\t\t\t\t<div class=\"elementor-widget-container\">\n\t\t\t<div class=\"title_all_box style_three  dark_color\" >\r\n         <div class=\"title_sections three center\">\r\n                        <p>  Pazara ve t\u00fcketicilere \u00fcst\u00fcn kalitede \u00fcr\u00fcnler geli\u015ftiriyor ve hizmetler sunuyoruz. Bu, liderli\u011fimizi, \u00e7al\u0131\u015fanlar\u0131m\u0131z\u0131 ve faaliyet g\u00f6sterdi\u011fimiz toplumu \u015fekillendirmemiz i\u00e7in bizi \u00f6d\u00fcllendirmektedir.<\/p>\r\n         <\/div>\r\n               \r\n<\/div>\r\n\t\t<\/div>\n\t\t\t\t<\/div>\n\t\t\t\t<section class=\"elementor-section elementor-inner-section elementor-element elementor-element-cf1e3e0 elementor-section-full_width elementor-section-height-default elementor-section-height-default\" data-id=\"cf1e3e0\" data-element_type=\"section\">\n\t\t\t\t\t\t<div class=\"elementor-container elementor-column-gap-default\">\n\t\t\t\t\t<div class=\"elementor-column elementor-col-25 elementor-inner-column elementor-element elementor-element-ce229b6\" data-id=\"ce229b6\" data-element_type=\"column\">\n\t\t\t<div class=\"elementor-widget-wrap elementor-element-populated\">\n\t\t\t\t\t\t\t\t<div class=\"elementor-element elementor-element-54c925e elementor-widget elementor-widget-creote-service-box-v1\" data-id=\"54c925e\" data-element_type=\"widget\" data-widget_type=\"creote-service-box-v1.default\">\n\t\t\t\t<div class=\"elementor-widget-container\">\n\t\t\t<div class=\"service_box style_one dark_color\"   data-aos=\"fade-up\" data-aos-delay=\"0\" >\r\n      <div class=\"service_content\">\r\n            <div class=\"image  image_fit \">\r\n         <img decoding=\"async\" src=\"http:\/\/gpcturkiye.com\/wp-content\/uploads\/2023\/02\/Our-Purpose-Manufacturing.jpg\" class=\"img-fluid\" alt=\"Service Image\" \/>\r\n      <\/div>\r\n            <div class=\"content_inner\">\r\n                  <h2>\r\n            <a href=\"\"   >\r\n            Kaliteli \u00dcr\u00fcn \u00dcretimi            <\/a> \r\n         <\/h2>\r\n                           <p>  Temel amac\u0131m\u0131z, var olma nedenimizin ne oldu\u011funa ve GPC'nin y\u0131ldan y\u0131la nas\u0131l b\u00fcy\u00fcyece\u011fine dair net bir mesajd\u0131r.<\/p>\r\n                        <\/div>\r\n   <\/div>\r\n   <\/div>\r\n\t\t<\/div>\n\t\t\t\t<\/div>\n\t\t\t\t\t<\/div>\n\t\t<\/div>\n\t\t\t\t<div class=\"elementor-column elementor-col-25 elementor-inner-column elementor-element elementor-element-0f16bb9\" data-id=\"0f16bb9\" data-element_type=\"column\">\n\t\t\t<div class=\"elementor-widget-wrap elementor-element-populated\">\n\t\t\t\t\t\t\t\t<div class=\"elementor-element elementor-element-17c9f6f elementor-widget elementor-widget-creote-service-box-v1\" data-id=\"17c9f6f\" data-element_type=\"widget\" data-widget_type=\"creote-service-box-v1.default\">\n\t\t\t\t<div class=\"elementor-widget-container\">\n\t\t\t<div class=\"service_box style_one dark_color\"   data-aos=\"fade-up\" data-aos-delay=\"0\" >\r\n      <div class=\"service_content\">\r\n            <div class=\"image  image_fit \">\r\n         <img decoding=\"async\" src=\"http:\/\/gpcturkiye.com\/wp-content\/uploads\/2023\/02\/Our-Purpose-People.jpg\" class=\"img-fluid\" alt=\"Service Image\" \/>\r\n      <\/div>\r\n            <div class=\"content_inner\">\r\n                  <h2>\r\n            <a href=\"\"   >\r\n            Ekibimiz            <\/a> \r\n         <\/h2>\r\n                           <p>  \u00c7al\u0131\u015fanlar\u0131m\u0131z pazar\u0131 \u00fcretir, \u015firketi i\u00e7eriden da\u011f\u0131t\u0131r ve b\u00fcy\u00fct\u00fcr.<\/p>\r\n                        <\/div>\r\n   <\/div>\r\n   <\/div>\r\n\t\t<\/div>\n\t\t\t\t<\/div>\n\t\t\t\t\t<\/div>\n\t\t<\/div>\n\t\t\t\t<div class=\"elementor-column elementor-col-25 elementor-inner-column elementor-element elementor-element-51002ee\" data-id=\"51002ee\" data-element_type=\"column\">\n\t\t\t<div class=\"elementor-widget-wrap elementor-element-populated\">\n\t\t\t\t\t\t\t\t<div class=\"elementor-element elementor-element-08d9db0 elementor-widget elementor-widget-creote-service-box-v1\" data-id=\"08d9db0\" data-element_type=\"widget\" data-widget_type=\"creote-service-box-v1.default\">\n\t\t\t\t<div class=\"elementor-widget-container\">\n\t\t\t<div class=\"service_box style_one dark_color\"   data-aos=\"fade-up\" data-aos-delay=\"0\" >\r\n      <div class=\"service_content\">\r\n            <div class=\"image  image_fit \">\r\n         <img decoding=\"async\" src=\"http:\/\/gpcturkiye.com\/wp-content\/uploads\/2023\/02\/Our-Purpose-Customers2.jpg\" class=\"img-fluid\" alt=\"Service Image\" \/>\r\n      <\/div>\r\n            <div class=\"content_inner\">\r\n                  <h2>\r\n            <a href=\"\"   >\r\n            M\u00fc\u015fteriler            <\/a> \r\n         <\/h2>\r\n                           <p>  Inovasyon, geli\u015fim ve b\u00fcy\u00fcmemizi y\u00f6nlendiren ilk unsur M\u00fc\u015fterilerimizdir.<\/p>\r\n                        <\/div>\r\n   <\/div>\r\n   <\/div>\r\n\t\t<\/div>\n\t\t\t\t<\/div>\n\t\t\t\t\t<\/div>\n\t\t<\/div>\n\t\t\t\t<div class=\"elementor-column elementor-col-25 elementor-inner-column elementor-element elementor-element-d938f08\" data-id=\"d938f08\" data-element_type=\"column\">\n\t\t\t<div class=\"elementor-widget-wrap elementor-element-populated\">\n\t\t\t\t\t\t\t\t<div class=\"elementor-element elementor-element-4f13cd1 elementor-widget elementor-widget-creote-service-box-v1\" data-id=\"4f13cd1\" data-element_type=\"widget\" data-widget_type=\"creote-service-box-v1.default\">\n\t\t\t\t<div class=\"elementor-widget-container\">\n\t\t\t<div class=\"service_box style_one dark_color\"   data-aos=\"fade-up\" data-aos-delay=\"0\" >\r\n      <div class=\"service_content\">\r\n            <div class=\"image  image_fit \">\r\n         <img decoding=\"async\" src=\"http:\/\/gpcturkiye.com\/wp-content\/uploads\/2023\/02\/Our-Purpose-Innovation.jpg\" class=\"img-fluid\" alt=\"Service Image\" \/>\r\n      <\/div>\r\n            <div class=\"content_inner\">\r\n                  <h2>\r\n            <a href=\"\"   >\r\n            \u0130novasyon            <\/a> \r\n         <\/h2>\r\n                           <p>  Yenilik\u00e7ili\u011fimiz, yapt\u0131\u011f\u0131m\u0131z her \u015feyin \u00f6n saflar\u0131nda yer al\u0131yor ve her zaman t\u00fcketici \ni\u00e7g\u00f6r\u00fclerini, ihtiya\u00e7lar\u0131n\u0131 benzersiz bir dokunu\u015fla kar\u015f\u0131layan \u00fcr\u00fcnlere d\u00f6n\u00fc\u015ft\u00fcrmek \ni\u00e7in \u00e7abal\u0131yoruz.\n<\/p>\r\n                        <\/div>\r\n   <\/div>\r\n   <\/div>\r\n\t\t<\/div>\n\t\t\t\t<\/div>\n\t\t\t\t\t<\/div>\n\t\t<\/div>\n\t\t\t\t\t\t\t<\/div>\n\t\t<\/section>\n\t\t\t\t\t<\/div>\n\t\t<\/div>\n\t\t\t\t\t\t\t<\/div>\n\t\t<\/section>\n\t\t\t\t<section class=\"elementor-section elementor-top-section elementor-element elementor-element-d7796f elementor-section-boxed elementor-section-height-default elementor-section-height-default\" data-id=\"d7796f\" data-element_type=\"section\" data-settings=\"{&quot;background_background&quot;:&quot;classic&quot;,&quot;background_motion_fx_motion_fx_mouse&quot;:&quot;yes&quot;,&quot;background_motion_fx_mouseTrack_effect&quot;:&quot;yes&quot;,&quot;background_motion_fx_mouseTrack_speed&quot;:{&quot;unit&quot;:&quot;px&quot;,&quot;size&quot;:0.2,&quot;sizes&quot;:[]}}\">\n\t\t\t\t\t\t\t<div class=\"elementor-background-overlay\"><\/div>\n\t\t\t\t\t\t\t<div class=\"elementor-container elementor-column-gap-no\">\n\t\t\t\t\t<div class=\"elementor-column elementor-col-100 elementor-top-column elementor-element elementor-element-11a18f5d\" data-id=\"11a18f5d\" data-element_type=\"column\" data-settings=\"{&quot;background_background&quot;:&quot;classic&quot;}\">\n\t\t\t<div class=\"elementor-widget-wrap elementor-element-populated\">\n\t\t\t\t\t\t\t\t<div class=\"elementor-element elementor-element-4d1816b3 elementor-widget elementor-widget-creote-tab-v1\" data-id=\"4d1816b3\" data-element_type=\"widget\" data-widget_type=\"creote-tab-v1.default\">\n\t\t\t\t<div class=\"elementor-widget-container\">\n\t\t\t<section class=\"tabs_all_box  tabs_all_box_start type_one\">\r\n   <div class=\"tab_over_all_box\">\r\n                  <div class=\"tabs_header clearfix\">\r\n         <ul class=\"showcase_tabs_btns nav-pills nav   clearfix\">\r\n                        <li class=\"nav-item\">\r\n               <a class=\"s_tab_btn nav-link active\" data-tab=\"#tabtabone\"> \r\n                T\u00fcketici odakl\u0131               <\/a>\r\n            <\/li>\r\n                        <li class=\"nav-item\">\r\n               <a class=\"s_tab_btn nav-link \" data-tab=\"#tabtabtwo\"> \r\n                B\u00fct\u00fcnle\u015fmi\u015flik               <\/a>\r\n            <\/li>\r\n                        <li class=\"nav-item\">\r\n               <a class=\"s_tab_btn nav-link \" data-tab=\"#tabtabthree\"> \r\n                Stratejik kaynak Kullan\u0131m\u0131               <\/a>\r\n            <\/li>\r\n                        <li class=\"nav-item\">\r\n               <a class=\"s_tab_btn nav-link \" data-tab=\"#tabtabfour\"> \r\n                Yenilik               <\/a>\r\n            <\/li>\r\n                        <li class=\"nav-item\">\r\n               <a class=\"s_tab_btn nav-link \" data-tab=\"#tabtabfive\"> \r\n                \u0130nsanlar               <\/a>\r\n            <\/li>\r\n                     <\/ul>\r\n         <div class=\"toll_free\">\r\n            <a href=\"tel:\"> <i class=\"icon-phone-call\"><\/i>\r\n             \r\n            <\/a>\r\n         <\/div>\r\n      <\/div>\r\n      <div class=\"s_tab_wrapper\">\r\n         <div class=\"s_tabs_content\">\r\n                        <div class=\"s_tab fade active-tab show\" id=\"tabtabone\">\r\n               <div class=\"tab_content one\"    >\r\n                  <div class=\"content_image\">\r\n                                           \r\n                     <h2>T\u00fcketici odakl\u0131<\/h2>\r\n                                           \r\n                     <p>T\u00fcketicilerimizin ihtiya\u00e7lar\u0131n\u0131 anl\u0131yoruz, ak\u0131llar\u0131na ilk gelen ve birinci tercihi olmay\u0131 hedefliyoruz. t\u00fcketicilerimiz i\u00e7in de\u011fer yaratarak onlarla kal\u0131c\u0131 ili\u015fkiler kurmaya odaklan\u0131yoruz.<\/p>\r\n                                                            <\/div>\r\n               <\/div>\r\n            <\/div>\r\n                        <div class=\"s_tab fade \" id=\"tabtabtwo\">\r\n               <div class=\"tab_content one\"    >\r\n                  <div class=\"content_image\">\r\n                                           \r\n                     <h2>B\u00fct\u00fcnle\u015fmi\u015flik<\/h2>\r\n                                           \r\n                     <p>D\u00fcr\u00fcstl\u00fck, sayg\u0131 ve ahlak\u0131 g\u00fcnl\u00fck i\u015f rutinimizin bir par\u00e7as\u0131d\u0131r. \u0130\u015fimizin ve eylemlerimizin sorumlulu\u011funu \u00fcstlenir ve do\u011fru olan\u0131 yapmaktan gurur duyar\u0131z.<\/p>\r\n                                                            <\/div>\r\n               <\/div>\r\n            <\/div>\r\n                        <div class=\"s_tab fade \" id=\"tabtabthree\">\r\n               <div class=\"tab_content one\"    >\r\n                  <div class=\"content_image\">\r\n                                           \r\n                     <h2>Stratejik kaynak Kullan\u0131m\u0131<\/h2>\r\n                                           \r\n                     <p>Her b\u00f6l\u00fcmde yeni stratejik kaynak kullan\u0131m\u0131 ilkelerini uyguluyoruz. Bu sayede m\u00fc\u015fterilerimiz ve ortaklar\u0131m\u0131z i\u00e7in sa\u011flad\u0131\u011f\u0131m\u0131z de\u011feri art\u0131rmaya devam ediyoruz.<\/p>\r\n                                                            <\/div>\r\n               <\/div>\r\n            <\/div>\r\n                        <div class=\"s_tab fade \" id=\"tabtabfour\">\r\n               <div class=\"tab_content one\"    >\r\n                  <div class=\"content_image\">\r\n                                           \r\n                     <h2>Yenilik<\/h2>\r\n                                           \r\n                     <p>M\u00fckemmele ula\u015fmak i\u00e7in yarat\u0131c\u0131 d\u00fc\u015f\u00fcnceyi, yeni fikirleri, teknolojileri ve s\u00fcre\u00e7leri stratejik olarak birle\u015ftiriyoruz.<\/p>\r\n                                                            <\/div>\r\n               <\/div>\r\n            <\/div>\r\n                        <div class=\"s_tab fade \" id=\"tabtabfive\">\r\n               <div class=\"tab_content one\"    >\r\n                  <div class=\"content_image\">\r\n                                           \r\n                     <h2>\u0130nsanlar<\/h2>\r\n                                           \r\n                     <p>\u015eubeler, i\u015f birimleri ve \u00fclkeler aras\u0131nda fikirleri, en iyi uygulamalar\u0131 ve ba\u015far\u0131y\u0131 payla\u015fan bir ekip olarak \u00e7al\u0131\u015f\u0131r\u0131z. T\u00fcm \u00e7al\u0131\u015fanlar\u0131m\u0131z\u0131n ki\u015fisel ve profesyonel olarak geli\u015fmesini sa\u011fl\u0131yoruz.<\/p>\r\n                                                            <\/div>\r\n               <\/div>\r\n            <\/div>\r\n                     <\/div>\r\n      <\/div>\r\n               <\/div>\r\n<\/section>\r\n\t\t<\/div>\n\t\t\t\t<\/div>\n\t\t\t\t\t<\/div>\n\t\t<\/div>\n\t\t\t\t\t\t\t<\/div>\n\t\t<\/section>\n\t\t\t\t\t\t\t<\/div>\n\t\t","protected":false},"excerpt":{"rendered":"<p>Amac\u0131m\u0131z Pazara ve t\u00fcketicilere \u00fcst\u00fcn kalitede \u00fcr\u00fcnler geli\u015ftiriyor ve hizmetler sunuyoruz. Bu, liderli\u011fimizi, \u00e7al\u0131\u015fanlar\u0131m\u0131z\u0131 ve faaliyet g\u00f6sterdi\u011fimiz toplumu \u015fekillendirmemiz i\u00e7in bizi \u00f6d\u00fcllendirmektedir. Kaliteli \u00dcr\u00fcn \u00dcretimi Temel amac\u0131m\u0131z, var olma nedenimizin ne oldu\u011funa ve GPC&#8217;nin y\u0131ldan y\u0131la nas\u0131l b\u00fcy\u00fcyece\u011fine dair net bir mesajd\u0131r. Ekibimiz \u00c7al\u0131\u015fanlar\u0131m\u0131z pazar\u0131 \u00fcretir, \u015firketi i\u00e7eriden da\u011f\u0131t\u0131r ve b\u00fcy\u00fct\u00fcr. M\u00fc\u015fteriler Inovasyon, geli\u015fim ve [&hellip;]<\/p>\n","protected":false},"author":2,"featured_media":0,"parent":0,"menu_order":0,"comment_status":"closed","ping_status":"closed","template":"template-homepage.php","meta":{"footnotes":""},"class_list":["post-6160","page","type-page","status-publish","hentry"],"_links":{"self":[{"href":"https:\/\/gpcturkiye.com\/turkiye\/wp-json\/wp\/v2\/pages\/6160","targetHints":{"allow":["GET"]}}],"collection":[{"href":"https:\/\/gpcturkiye.com\/turkiye\/wp-json\/wp\/v2\/pages"}],"about":[{"href":"https:\/\/gpcturkiye.com\/turkiye\/wp-json\/wp\/v2\/types\/page"}],"author":[{"embeddable":true,"href":"https:\/\/gpcturkiye.com\/turkiye\/wp-json\/wp\/v2\/users\/2"}],"replies":[{"embeddable":true,"href":"https:\/\/gpcturkiye.com\/turkiye\/wp-json\/wp\/v2\/comments?post=6160"}],"version-history":[{"count":125,"href":"https:\/\/gpcturkiye.com\/turkiye\/wp-json\/wp\/v2\/pages\/6160\/revisions"}],"predecessor-version":[{"id":7538,"href":"https:\/\/gpcturkiye.com\/turkiye\/wp-json\/wp\/v2\/pages\/6160\/revisions\/7538"}],"wp:attachment":[{"href":"https:\/\/gpcturkiye.com\/turkiye\/wp-json\/wp\/v2\/media?parent=6160"}],"curies":[{"name":"wp","href":"https:\/\/api.w.org\/{rel}","templated":true}]}}