{"id":5760,"date":"2023-01-11T10:50:59","date_gmt":"2023-01-11T07:20:59","guid":{"rendered":"http:\/\/gpcturkiye.com\/?page_id=5760"},"modified":"2023-07-15T12:48:38","modified_gmt":"2023-07-15T09:18:38","slug":"divisions","status":"publish","type":"page","link":"https:\/\/gpcturkiye.com\/turkiye\/divisions\/","title":{"rendered":"B\u00d6L\u00dcMLER"},"content":{"rendered":"\t\t<div data-elementor-type=\"wp-page\" data-elementor-id=\"5760\" class=\"elementor elementor-5760\">\n\t\t\t\t\t\t\t\t\t<section class=\"elementor-section elementor-top-section elementor-element elementor-element-409e2229 elementor-section-boxed elementor-section-height-default elementor-section-height-default\" data-id=\"409e2229\" data-element_type=\"section\" data-settings=\"{&quot;background_background&quot;:&quot;classic&quot;}\">\n\t\t\t\t\t\t\t<div class=\"elementor-background-overlay\"><\/div>\n\t\t\t\t\t\t\t<div class=\"elementor-container elementor-column-gap-default\">\n\t\t\t\t\t<div class=\"elementor-column elementor-col-50 elementor-top-column elementor-element elementor-element-2f993c6f\" data-id=\"2f993c6f\" data-element_type=\"column\">\n\t\t\t<div class=\"elementor-widget-wrap elementor-element-populated\">\n\t\t\t\t\t\t\t\t<div class=\"elementor-element elementor-element-51ed6944 elementor-widget elementor-widget-creote-title-v1\" data-id=\"51ed6944\" data-element_type=\"widget\" data-widget_type=\"creote-title-v1.default\">\n\t\t\t\t<div class=\"elementor-widget-container\">\n\t\t\t<div class=\"title_all_box style_four  light_color\" >\r\n         <div class=\"title_sections four  left\">\r\n                  <h2>  B\u00f6l\u00fcmler<\/h2>\r\n               <\/div>\r\n               \r\n<\/div>\r\n\t\t<\/div>\n\t\t\t\t<\/div>\n\t\t\t\t\t<\/div>\n\t\t<\/div>\n\t\t\t\t<div class=\"elementor-column elementor-col-50 elementor-top-column elementor-element elementor-element-291b5ec4\" data-id=\"291b5ec4\" data-element_type=\"column\">\n\t\t\t<div class=\"elementor-widget-wrap\">\n\t\t\t\t\t\t\t\t\t<\/div>\n\t\t<\/div>\n\t\t\t\t\t\t\t<\/div>\n\t\t<\/section>\n\t\t\t\t<section class=\"elementor-section elementor-top-section elementor-element elementor-element-2f37fcc1 elementor-section-full_width elementor-section-height-default elementor-section-height-default\" data-id=\"2f37fcc1\" data-element_type=\"section\">\n\t\t\t\t\t\t<div class=\"elementor-container elementor-column-gap-no\">\n\t\t\t\t\t<div class=\"elementor-column elementor-col-50 elementor-top-column elementor-element elementor-element-2e81a068\" data-id=\"2e81a068\" data-element_type=\"column\" data-settings=\"{&quot;background_background&quot;:&quot;slideshow&quot;,&quot;background_slideshow_gallery&quot;:[{&quot;id&quot;:6473,&quot;url&quot;:&quot;http:\\\/\\\/gpcturkiye.com\\\/wp-content\\\/uploads\\\/2023\\\/01\\\/Divisions-Pharmacuiticals.jpg&quot;}],&quot;background_slideshow_loop&quot;:&quot;yes&quot;,&quot;background_slideshow_slide_duration&quot;:5000,&quot;background_slideshow_slide_transition&quot;:&quot;fade&quot;,&quot;background_slideshow_transition_duration&quot;:500}\">\n\t\t\t<div class=\"elementor-widget-wrap elementor-element-populated\">\n\t\t\t\t\t\t\t\t<div class=\"elementor-element elementor-element-35ed86b elementor-hidden-desktop elementor-widget elementor-widget-spacer\" data-id=\"35ed86b\" data-element_type=\"widget\" data-widget_type=\"spacer.default\">\n\t\t\t\t<div class=\"elementor-widget-container\">\n\t\t\t<style>\/*! elementor - v3.11.2 - 22-02-2023 *\/\n.elementor-column .elementor-spacer-inner{height:var(--spacer-size)}.e-con{--container-widget-width:100%}.e-con-inner>.elementor-widget-spacer,.e-con>.elementor-widget-spacer{width:var(--container-widget-width,var(--spacer-size));--align-self:var(--container-widget-align-self,initial);--flex-shrink:0}.e-con-inner>.elementor-widget-spacer>.elementor-widget-container,.e-con-inner>.elementor-widget-spacer>.elementor-widget-container>.elementor-spacer,.e-con>.elementor-widget-spacer>.elementor-widget-container,.e-con>.elementor-widget-spacer>.elementor-widget-container>.elementor-spacer{height:100%}.e-con-inner>.elementor-widget-spacer>.elementor-widget-container>.elementor-spacer>.elementor-spacer-inner,.e-con>.elementor-widget-spacer>.elementor-widget-container>.elementor-spacer>.elementor-spacer-inner{height:var(--container-widget-height,var(--spacer-size))}<\/style>\t\t<div class=\"elementor-spacer\">\n\t\t\t<div class=\"elementor-spacer-inner\"><\/div>\n\t\t<\/div>\n\t\t\t\t<\/div>\n\t\t\t\t<\/div>\n\t\t\t\t\t<\/div>\n\t\t<\/div>\n\t\t\t\t<div class=\"elementor-column elementor-col-50 elementor-top-column elementor-element elementor-element-7dd34c13 primarg_bg_color\" data-id=\"7dd34c13\" data-element_type=\"column\" data-settings=\"{&quot;background_background&quot;:&quot;classic&quot;}\">\n\t\t\t<div class=\"elementor-widget-wrap elementor-element-populated\">\n\t\t\t\t\t<div class=\"elementor-background-overlay\"><\/div>\n\t\t\t\t\t\t\t\t<section class=\"elementor-section elementor-inner-section elementor-element elementor-element-31024e37 elementor-section-boxed elementor-section-height-default elementor-section-height-default\" data-id=\"31024e37\" data-element_type=\"section\">\n\t\t\t\t\t\t<div class=\"elementor-container elementor-column-gap-default\">\n\t\t\t\t\t<div class=\"elementor-column elementor-col-100 elementor-inner-column elementor-element elementor-element-4c08646f\" data-id=\"4c08646f\" data-element_type=\"column\">\n\t\t\t<div class=\"elementor-widget-wrap elementor-element-populated\">\n\t\t\t\t\t\t\t\t<div class=\"elementor-element elementor-element-541243cb elementor-widget elementor-widget-creote-title-v1\" data-id=\"541243cb\" data-element_type=\"widget\" data-widget_type=\"creote-title-v1.default\">\n\t\t\t\t<div class=\"elementor-widget-container\">\n\t\t\t<div class=\"title_all_box style_one  dark_color\" >\r\n         <div class=\"title_sections left\">\r\n                  <h2>  T\u0131bbi \u00dcr\u00fcnler<\/h2>\r\n               <\/div>\r\n               \r\n<\/div>\r\n\t\t<\/div>\n\t\t\t\t<\/div>\n\t\t\t\t<div class=\"elementor-element elementor-element-7bda44d elementor-widget elementor-widget-text-editor\" data-id=\"7bda44d\" data-element_type=\"widget\" data-widget_type=\"text-editor.default\">\n\t\t\t\t<div class=\"elementor-widget-container\">\n\t\t\t<style>\/*! elementor - v3.11.2 - 22-02-2023 *\/\n.elementor-widget-text-editor.elementor-drop-cap-view-stacked .elementor-drop-cap{background-color:#818a91;color:#fff}.elementor-widget-text-editor.elementor-drop-cap-view-framed .elementor-drop-cap{color:#818a91;border:3px solid;background-color:transparent}.elementor-widget-text-editor:not(.elementor-drop-cap-view-default) .elementor-drop-cap{margin-top:8px}.elementor-widget-text-editor:not(.elementor-drop-cap-view-default) .elementor-drop-cap-letter{width:1em;height:1em}.elementor-widget-text-editor .elementor-drop-cap{float:left;text-align:center;line-height:1;font-size:50px}.elementor-widget-text-editor .elementor-drop-cap-letter{display:inline-block}<\/style>\t\t\t\t<p>\u0130la\u00e7 b\u00f6l\u00fcm\u00fcm\u00fcz, bir\u00e7ok \u00fclkedeki hastane, eczane ve ila\u00e7 toptanc\u0131lar\u0131na markal\u0131 ve kapsaml\u0131 eczac\u0131l\u0131k \u00fcr\u00fcnlerin geli\u015ftirilmesi ve tedariki ile ilgilenmektedir. Kapsaml\u0131 ila\u00e7, OTC( tezgah \u00fcst\u00fc), bitkisel ve t\u00fcketici sa\u011fl\u0131\u011f\u0131 \u00fcr\u00fcnlerinin g\u00fcvenilir ve verimli bir esnek zincir alt\u0131nda tedarik edilmesini sa\u011fl\u0131yoruz.<\/p><p>\u015eirket, da\u011f\u0131t\u0131m zincirlerini geni\u015fletmeye, y\u00fcksek kaliteli ve tan\u0131nm\u0131\u015f ticaret kurumlar\u0131 ile \u00e7e\u015fitli \u00fcr\u00fcnler sunmaya, \u00f6zel ticari markalar alt\u0131nda rakiplerle hali haz\u0131rda mevcut olmayan ay\u0131rt edici ve rekabet\u00e7i bir strateji benimsemeye ba\u011fl\u0131d\u0131r.<\/p><p>Bu durum, \u015eirket&#8217;in maliyetleri d\u00fc\u015f\u00fcrme ve sonu\u00e7 olarak rekabet\u00e7i bir fiyat sunma yetene\u011fini ortaya \u00e7\u0131karmakta, bu da yeni m\u00fc\u015fterileri \u00e7ekmeye yard\u0131mc\u0131 olarak agresif bir b\u00fcy\u00fcme ve yerel rekabet g\u00fcc\u00fcn\u00fc korumak i\u00e7in y\u00fcksek karlar elde etmesini sa\u011flamaktad\u0131r. Bu oran\u0131 art\u0131rmak ve m\u00fc\u015fterilere yeni \u00fcr\u00fcn ve hizmetler sunarak m\u00fc\u015fteri taban\u0131n\u0131 geni\u015fletmek i\u00e7in \u015eirket, m\u00fc\u015fteri g\u00fcvenini ve mevcut pazar\u0131n\u0131 g\u00fc\u00e7lendirmektedir.<\/p>\t\t\t\t\t\t<\/div>\n\t\t\t\t<\/div>\n\t\t\t\t\t<\/div>\n\t\t<\/div>\n\t\t\t\t\t\t\t<\/div>\n\t\t<\/section>\n\t\t\t\t\t<\/div>\n\t\t<\/div>\n\t\t\t\t\t\t\t<\/div>\n\t\t<\/section>\n\t\t\t\t<section class=\"elementor-section elementor-top-section elementor-element elementor-element-3f15524 elementor-section-full_width elementor-section-height-default elementor-section-height-default\" data-id=\"3f15524\" data-element_type=\"section\">\n\t\t\t\t\t\t<div class=\"elementor-container elementor-column-gap-no\">\n\t\t\t\t\t<div class=\"elementor-column elementor-col-50 elementor-top-column elementor-element elementor-element-16dda79 primarg_bg_color\" data-id=\"16dda79\" data-element_type=\"column\" data-settings=\"{&quot;background_background&quot;:&quot;classic&quot;}\">\n\t\t\t<div class=\"elementor-widget-wrap elementor-element-populated\">\n\t\t\t\t\t<div class=\"elementor-background-overlay\"><\/div>\n\t\t\t\t\t\t\t\t<section class=\"elementor-section elementor-inner-section elementor-element elementor-element-89d5522 elementor-section-boxed elementor-section-height-default elementor-section-height-default\" data-id=\"89d5522\" data-element_type=\"section\">\n\t\t\t\t\t\t<div class=\"elementor-container elementor-column-gap-default\">\n\t\t\t\t\t<div class=\"elementor-column elementor-col-100 elementor-inner-column elementor-element elementor-element-796d9f3\" data-id=\"796d9f3\" data-element_type=\"column\">\n\t\t\t<div class=\"elementor-widget-wrap elementor-element-populated\">\n\t\t\t\t\t\t\t\t<div class=\"elementor-element elementor-element-cc27d27 elementor-widget elementor-widget-creote-title-v1\" data-id=\"cc27d27\" data-element_type=\"widget\" data-widget_type=\"creote-title-v1.default\">\n\t\t\t\t<div class=\"elementor-widget-container\">\n\t\t\t<div class=\"title_all_box style_one  dark_color\" >\r\n         <div class=\"title_sections left\">\r\n                  <h2>  FMCG - H\u0131zl\u0131 T\u00fcketim \u00dcr\u00fcnleri<\/h2>\r\n               <\/div>\r\n               \r\n<\/div>\r\n\t\t<\/div>\n\t\t\t\t<\/div>\n\t\t\t\t<div class=\"elementor-element elementor-element-11d12d4 elementor-widget elementor-widget-text-editor\" data-id=\"11d12d4\" data-element_type=\"widget\" data-widget_type=\"text-editor.default\">\n\t\t\t\t<div class=\"elementor-widget-container\">\n\t\t\t\t\t\t\t<p>Geli\u015ftirme program\u0131m\u0131z ve uzun y\u0131llara dayanan deneyimimiz do\u011frultusunda, gazl\u0131 alkols\u00fcz i\u00e7eceklerden ba\u015flay\u0131p y\u00fcksek kaliteli meyve sular\u0131n\u0131n geli\u015ftirilmesine kadar uzanan ara\u015ft\u0131rmalarla GPC, \u00fcr\u00fcn yelpazemize 45&#8217;in \u00fczerinde sa\u011fl\u0131kl\u0131 ve do\u011fal i\u00e7ecek ve g\u0131da maddesi eklemi\u015ftir.<\/p><p>Bunlar art\u0131k piyasada ve \u00e7e\u015fitli \u00fclkelerdeki t\u00fcm m\u00fc\u015fterilerimizin raflar\u0131m\u0131zda a\u00e7\u0131k\u00e7a yer almaktad\u0131r. Lisansl\u0131 \u00fcretim s\u00fcrecimizi desteklemek i\u00e7in ortaklar\u0131m\u0131z arac\u0131l\u0131\u011f\u0131yla kapsaml\u0131 ve yetkin bir da\u011f\u0131t\u0131m a\u011f\u0131na sahip olmak, \u00fcr\u00fcn\u00fcn\u00fcn teslimat\u0131n\u0131n h\u0131zl\u0131 ve verimli olmas\u0131n\u0131 sa\u011flamak. Bu a\u011f, kurulu\u015fundan bu yana d\u00fcnya genelinde 12&#8217;den fazla \u00fclkeye yay\u0131lm\u0131\u015ft\u0131r ve y\u0131lda milyonlarca kutu i\u00e7ecek ve alkols\u00fcz i\u00e7ecek da\u011f\u0131t\u0131lmaktad\u0131r.<\/p>\t\t\t\t\t\t<\/div>\n\t\t\t\t<\/div>\n\t\t\t\t\t<\/div>\n\t\t<\/div>\n\t\t\t\t\t\t\t<\/div>\n\t\t<\/section>\n\t\t\t\t\t<\/div>\n\t\t<\/div>\n\t\t\t\t<div class=\"elementor-column elementor-col-50 elementor-top-column elementor-element elementor-element-da4fd7f primarg_bg_color\" data-id=\"da4fd7f\" data-element_type=\"column\" data-settings=\"{&quot;background_background&quot;:&quot;slideshow&quot;,&quot;background_slideshow_gallery&quot;:[{&quot;id&quot;:6472,&quot;url&quot;:&quot;http:\\\/\\\/gpcturkiye.com\\\/wp-content\\\/uploads\\\/2023\\\/01\\\/Divisions-FMCG.jpg&quot;}],&quot;background_slideshow_loop&quot;:&quot;yes&quot;,&quot;background_slideshow_slide_duration&quot;:5000,&quot;background_slideshow_slide_transition&quot;:&quot;fade&quot;,&quot;background_slideshow_transition_duration&quot;:500}\">\n\t\t\t<div class=\"elementor-widget-wrap elementor-element-populated\">\n\t\t\t\t\t\t\t\t<div class=\"elementor-element elementor-element-caa683b elementor-hidden-desktop elementor-widget elementor-widget-spacer\" data-id=\"caa683b\" data-element_type=\"widget\" data-widget_type=\"spacer.default\">\n\t\t\t\t<div class=\"elementor-widget-container\">\n\t\t\t\t\t<div class=\"elementor-spacer\">\n\t\t\t<div class=\"elementor-spacer-inner\"><\/div>\n\t\t<\/div>\n\t\t\t\t<\/div>\n\t\t\t\t<\/div>\n\t\t\t\t\t<\/div>\n\t\t<\/div>\n\t\t\t\t\t\t\t<\/div>\n\t\t<\/section>\n\t\t\t\t\t\t\t<\/div>\n\t\t","protected":false},"excerpt":{"rendered":"<p>B\u00f6l\u00fcmler T\u0131bbi \u00dcr\u00fcnler \u0130la\u00e7 b\u00f6l\u00fcm\u00fcm\u00fcz, bir\u00e7ok \u00fclkedeki hastane, eczane ve ila\u00e7 toptanc\u0131lar\u0131na markal\u0131 ve kapsaml\u0131 eczac\u0131l\u0131k \u00fcr\u00fcnlerin geli\u015ftirilmesi ve tedariki ile ilgilenmektedir. Kapsaml\u0131 ila\u00e7, OTC( tezgah \u00fcst\u00fc), bitkisel ve t\u00fcketici sa\u011fl\u0131\u011f\u0131 \u00fcr\u00fcnlerinin g\u00fcvenilir ve verimli bir esnek zincir alt\u0131nda tedarik edilmesini sa\u011fl\u0131yoruz. \u015eirket, da\u011f\u0131t\u0131m zincirlerini geni\u015fletmeye, y\u00fcksek kaliteli ve tan\u0131nm\u0131\u015f ticaret kurumlar\u0131 ile \u00e7e\u015fitli \u00fcr\u00fcnler [&hellip;]<\/p>\n","protected":false},"author":2,"featured_media":0,"parent":0,"menu_order":0,"comment_status":"closed","ping_status":"closed","template":"template-homepage.php","meta":{"footnotes":""},"class_list":["post-5760","page","type-page","status-publish","hentry"],"_links":{"self":[{"href":"https:\/\/gpcturkiye.com\/turkiye\/wp-json\/wp\/v2\/pages\/5760","targetHints":{"allow":["GET"]}}],"collection":[{"href":"https:\/\/gpcturkiye.com\/turkiye\/wp-json\/wp\/v2\/pages"}],"about":[{"href":"https:\/\/gpcturkiye.com\/turkiye\/wp-json\/wp\/v2\/types\/page"}],"author":[{"embeddable":true,"href":"https:\/\/gpcturkiye.com\/turkiye\/wp-json\/wp\/v2\/users\/2"}],"replies":[{"embeddable":true,"href":"https:\/\/gpcturkiye.com\/turkiye\/wp-json\/wp\/v2\/comments?post=5760"}],"version-history":[{"count":92,"href":"https:\/\/gpcturkiye.com\/turkiye\/wp-json\/wp\/v2\/pages\/5760\/revisions"}],"predecessor-version":[{"id":7535,"href":"https:\/\/gpcturkiye.com\/turkiye\/wp-json\/wp\/v2\/pages\/5760\/revisions\/7535"}],"wp:attachment":[{"href":"https:\/\/gpcturkiye.com\/turkiye\/wp-json\/wp\/v2\/media?parent=5760"}],"curies":[{"name":"wp","href":"https:\/\/api.w.org\/{rel}","templated":true}]}}