{"id":5307,"date":"2022-01-01T13:05:24","date_gmt":"2022-01-01T13:05:24","guid":{"rendered":"https:\/\/themepanthers.com\/wp\/creote\/v-new\/?page_id=7"},"modified":"2023-05-23T12:47:08","modified_gmt":"2023-05-23T09:17:08","slug":"home-default","status":"publish","type":"page","link":"https:\/\/gpcturkiye.com\/turkiye\/","title":{"rendered":"Home Default"},"content":{"rendered":"\t\t<div data-elementor-type=\"wp-page\" data-elementor-id=\"5307\" class=\"elementor elementor-5307\">\n\t\t\t\t\t\t\t\t\t<section class=\"elementor-section elementor-top-section elementor-element elementor-element-265b7fd6 elementor-section-height-full elementor-section-boxed elementor-section-height-default elementor-section-items-middle\" data-id=\"265b7fd6\" data-element_type=\"section\" data-settings=\"{&quot;background_background&quot;:&quot;classic&quot;}\">\n\t\t\t\t\t\t<div class=\"elementor-container elementor-column-gap-default\">\n\t\t\t\t\t<div class=\"elementor-column elementor-col-50 elementor-top-column elementor-element elementor-element-4b1f9b1\" data-id=\"4b1f9b1\" data-element_type=\"column\">\n\t\t\t<div class=\"elementor-widget-wrap elementor-element-populated\">\n\t\t\t\t\t\t\t\t<div class=\"elementor-element elementor-element-66555d7 elementor-widget elementor-widget-spacer\" data-id=\"66555d7\" data-element_type=\"widget\" data-widget_type=\"spacer.default\">\n\t\t\t\t<div class=\"elementor-widget-container\">\n\t\t\t<style>\/*! elementor - v3.11.2 - 22-02-2023 *\/\n.elementor-column .elementor-spacer-inner{height:var(--spacer-size)}.e-con{--container-widget-width:100%}.e-con-inner>.elementor-widget-spacer,.e-con>.elementor-widget-spacer{width:var(--container-widget-width,var(--spacer-size));--align-self:var(--container-widget-align-self,initial);--flex-shrink:0}.e-con-inner>.elementor-widget-spacer>.elementor-widget-container,.e-con-inner>.elementor-widget-spacer>.elementor-widget-container>.elementor-spacer,.e-con>.elementor-widget-spacer>.elementor-widget-container,.e-con>.elementor-widget-spacer>.elementor-widget-container>.elementor-spacer{height:100%}.e-con-inner>.elementor-widget-spacer>.elementor-widget-container>.elementor-spacer>.elementor-spacer-inner,.e-con>.elementor-widget-spacer>.elementor-widget-container>.elementor-spacer>.elementor-spacer-inner{height:var(--container-widget-height,var(--spacer-size))}<\/style>\t\t<div class=\"elementor-spacer\">\n\t\t\t<div class=\"elementor-spacer-inner\"><\/div>\n\t\t<\/div>\n\t\t\t\t<\/div>\n\t\t\t\t<\/div>\n\t\t\t\t<div class=\"elementor-element elementor-element-5b90e01d elementor-widget elementor-widget-creote-title-v1\" data-id=\"5b90e01d\" data-element_type=\"widget\" data-widget_type=\"creote-title-v1.default\">\n\t\t\t\t<div class=\"elementor-widget-container\">\n\t\t\t<div class=\"title_all_box style_one  dark_color\" >\r\n         <div class=\"title_sections left\">\r\n                  <h2>  Kalite, Gu\u0308ven ve Yenilik Miras\u0131\nOlu\u015fturmak<\/h2>\r\n               <\/div>\r\n               \r\n<\/div>\r\n\t\t<\/div>\n\t\t\t\t<\/div>\n\t\t\t\t\t<\/div>\n\t\t<\/div>\n\t\t\t\t<div class=\"elementor-column elementor-col-50 elementor-top-column elementor-element elementor-element-3306cd68\" data-id=\"3306cd68\" data-element_type=\"column\">\n\t\t\t<div class=\"elementor-widget-wrap elementor-element-populated\">\n\t\t\t\t\t\t\t\t<div class=\"elementor-element elementor-element-2e5a8cc elementor-widget elementor-widget-spacer\" data-id=\"2e5a8cc\" data-element_type=\"widget\" data-widget_type=\"spacer.default\">\n\t\t\t\t<div class=\"elementor-widget-container\">\n\t\t\t\t\t<div class=\"elementor-spacer\">\n\t\t\t<div class=\"elementor-spacer-inner\"><\/div>\n\t\t<\/div>\n\t\t\t\t<\/div>\n\t\t\t\t<\/div>\n\t\t\t\t\t<\/div>\n\t\t<\/div>\n\t\t\t\t\t\t\t<\/div>\n\t\t<\/section>\n\t\t\t\t<section class=\"elementor-section elementor-top-section elementor-element elementor-element-3ed5c6f elementor-section-boxed elementor-section-height-default elementor-section-height-default\" data-id=\"3ed5c6f\" data-element_type=\"section\" id=\"service\" data-settings=\"{&quot;background_background&quot;:&quot;classic&quot;}\">\n\t\t\t\t\t\t<div class=\"elementor-container elementor-column-gap-default\">\n\t\t\t\t\t<div class=\"elementor-column elementor-col-100 elementor-top-column elementor-element elementor-element-f085f74\" data-id=\"f085f74\" data-element_type=\"column\">\n\t\t\t<div class=\"elementor-widget-wrap elementor-element-populated\">\n\t\t\t\t\t\t\t\t<div class=\"elementor-element elementor-element-36fc9dc elementor-widget elementor-widget-creote-title-v1\" data-id=\"36fc9dc\" data-element_type=\"widget\" data-widget_type=\"creote-title-v1.default\">\n\t\t\t\t<div class=\"elementor-widget-container\">\n\t\t\t<div class=\"title_all_box style_one  dark_color\" >\r\n         <div class=\"title_sections center\">\r\n                        <p>  Kurulu\u015fundan bu yana GPC, bir\u00e7ok \u00fclkede da\u011f\u0131t\u0131m merkezleri bulunan \u00e7e\u015fitli yan kurulu\u015flar\u0131 arac\u0131l\u0131\u011f\u0131yla eczac\u0131l\u0131k \u00fcr\u00fcnleri \u00fcretmektedir. Kalitesi ile tan\u0131nan \u015firket, b\u00f6lgenin prestijli ila\u00e7 ve t\u0131bbi sa\u011flay\u0131c\u0131lardan biri olarak sayg\u0131nl\u0131k kazand\u0131. GPC, \u015firketi en h\u0131zl\u0131 b\u00fcy\u00fcyen \u015firketler aras\u0131nda konumland\u0131ran kendi i\u00e7ecek ve g\u0131da \u00fcr\u00fcnleri markalar\u0131n\u0131 geli\u015ftirerek H\u0131zl\u0131 T\u00fcketim \u00dcr\u00fcnleri end\u00fcstrisine a\u00e7\u0131ld\u0131.<\/p>\r\n         <\/div>\r\n               \r\n<\/div>\r\n\t\t<\/div>\n\t\t\t\t<\/div>\n\t\t\t\t<div class=\"elementor-element elementor-element-962248d elementor-widget elementor-widget-image\" data-id=\"962248d\" data-element_type=\"widget\" data-widget_type=\"image.default\">\n\t\t\t\t<div class=\"elementor-widget-container\">\n\t\t\t<style>\/*! elementor - v3.11.2 - 22-02-2023 *\/\n.elementor-widget-image{text-align:center}.elementor-widget-image a{display:inline-block}.elementor-widget-image a img[src$=\".svg\"]{width:48px}.elementor-widget-image img{vertical-align:middle;display:inline-block}<\/style>\t\t\t\t\t\t\t\t\t\t\t\t<img loading=\"lazy\" decoding=\"async\" width=\"1536\" height=\"889\" src=\"https:\/\/gpcturkiye.com\/turkiye\/wp-content\/uploads\/2023\/05\/world-turkey.png\" class=\"attachment-full size-full wp-image-7488\" alt=\"\" srcset=\"https:\/\/gpcturkiye.com\/turkiye\/wp-content\/uploads\/2023\/05\/world-turkey.png 1536w, https:\/\/gpcturkiye.com\/turkiye\/wp-content\/uploads\/2023\/05\/world-turkey-300x174.png 300w, https:\/\/gpcturkiye.com\/turkiye\/wp-content\/uploads\/2023\/05\/world-turkey-1024x593.png 1024w, https:\/\/gpcturkiye.com\/turkiye\/wp-content\/uploads\/2023\/05\/world-turkey-768x445.png 768w\" sizes=\"auto, (max-width: 1536px) 100vw, 1536px\" \/>\t\t\t\t\t\t\t\t\t\t\t\t\t\t\t<\/div>\n\t\t\t\t<\/div>\n\t\t\t\t\t<\/div>\n\t\t<\/div>\n\t\t\t\t\t\t\t<\/div>\n\t\t<\/section>\n\t\t\t\t\t\t\t<\/div>\n\t\t","protected":false},"excerpt":{"rendered":"<p>Kalite, Gu\u0308ven ve Yenilik Miras\u0131 Olu\u015fturmak Kurulu\u015fundan bu yana GPC, bir\u00e7ok \u00fclkede da\u011f\u0131t\u0131m merkezleri bulunan \u00e7e\u015fitli yan kurulu\u015flar\u0131 arac\u0131l\u0131\u011f\u0131yla eczac\u0131l\u0131k \u00fcr\u00fcnleri \u00fcretmektedir. Kalitesi ile tan\u0131nan \u015firket, b\u00f6lgenin prestijli ila\u00e7 ve t\u0131bbi sa\u011flay\u0131c\u0131lardan biri olarak sayg\u0131nl\u0131k kazand\u0131. GPC, \u015firketi en h\u0131zl\u0131 b\u00fcy\u00fcyen \u015firketler aras\u0131nda konumland\u0131ran kendi i\u00e7ecek ve g\u0131da \u00fcr\u00fcnleri markalar\u0131n\u0131 geli\u015ftirerek H\u0131zl\u0131 T\u00fcketim \u00dcr\u00fcnleri end\u00fcstrisine [&hellip;]<\/p>\n","protected":false},"author":2,"featured_media":0,"parent":0,"menu_order":0,"comment_status":"closed","ping_status":"closed","template":"template-homepage.php","meta":{"footnotes":""},"class_list":["post-5307","page","type-page","status-publish","hentry"],"_links":{"self":[{"href":"https:\/\/gpcturkiye.com\/turkiye\/wp-json\/wp\/v2\/pages\/5307","targetHints":{"allow":["GET"]}}],"collection":[{"href":"https:\/\/gpcturkiye.com\/turkiye\/wp-json\/wp\/v2\/pages"}],"about":[{"href":"https:\/\/gpcturkiye.com\/turkiye\/wp-json\/wp\/v2\/types\/page"}],"author":[{"embeddable":true,"href":"https:\/\/gpcturkiye.com\/turkiye\/wp-json\/wp\/v2\/users\/2"}],"replies":[{"embeddable":true,"href":"https:\/\/gpcturkiye.com\/turkiye\/wp-json\/wp\/v2\/comments?post=5307"}],"version-history":[{"count":131,"href":"https:\/\/gpcturkiye.com\/turkiye\/wp-json\/wp\/v2\/pages\/5307\/revisions"}],"predecessor-version":[{"id":7494,"href":"https:\/\/gpcturkiye.com\/turkiye\/wp-json\/wp\/v2\/pages\/5307\/revisions\/7494"}],"wp:attachment":[{"href":"https:\/\/gpcturkiye.com\/turkiye\/wp-json\/wp\/v2\/media?parent=5307"}],"curies":[{"name":"wp","href":"https:\/\/api.w.org\/{rel}","templated":true}]}}